{"id":85115,"date":"2025-01-26T03:51:59","date_gmt":"2025-01-26T03:51:59","guid":{"rendered":"https:\/\/nexgendecors.com\/product\/upper-bed-and-lower-desk-loft-bed-double-bed-upper-and-lower-bunks-multifunctional-bed-cabinet-integrated-upper-bed-lower-desk-childrens-bed\/"},"modified":"2025-04-06T09:44:47","modified_gmt":"2025-04-06T09:44:47","slug":"upper-bed-and-lower-desk-loft-bed-double-bed-upper-and-lower-bunks-multifunctional-bed-cabinet-integrated-upper-bed-lower-desk-childrens-bed","status":"publish","type":"product","link":"https:\/\/nexgendecors.com\/fr\/product\/upper-bed-and-lower-desk-loft-bed-double-bed-upper-and-lower-bunks-multifunctional-bed-cabinet-integrated-upper-bed-lower-desk-childrens-bed\/","title":{"rendered":"Lit mezzanine multifonctionnel avec bureau et rangement pour enfants"},"content":{"rendered":"<ul>\n<li>\n<strong>style<\/strong>:Simplicity<\/li>\n<li>\n<strong>Y a-t-il un espace de stockage ?<\/strong>:Oui<\/li>\n<li>\n<strong>ville<\/strong>:Guangzhou City<\/li>\n<li>\n<strong>Districts et comt\u00e9s<\/strong>:Tianhe District<\/li>\n<li>\n<strong>La pr\u00e9vente est-elle disponible ?<\/strong>:Oui<\/li>\n<li>\n<strong>Mat\u00e9riau de finition<\/strong>:Panneaux \u00e0 base de bois<\/li>\n<li>\n<strong>Artificial board finishing process<\/strong>:Matte<\/li>\n<li>\n<strong>Fonctionnalit\u00e9s suppl\u00e9mentaires<\/strong>:Stockage<\/li>\n<li>\n<strong>volume du colis<\/strong>:2<\/li>\n<li>\n<strong>Structure du meuble<\/strong>:Cadre<\/li>\n<li>\n<strong>Is there a safety barrier?<\/strong>:Oui<\/li>\n<li>\n<strong>Positionnement de style<\/strong>:Nordic simple style<\/li>\n<li>\n<strong>trier par couleur<\/strong>:Transparent Black Bright White Gray Rose Red Creamy White Hammer Texture Creamy White Dark Brown Bright White Xu Gray Standard Control Project<\/li>\n<li>\n<strong>Poids brut<\/strong>:200<\/li>\n<li>\n<strong>marque<\/strong>:Saifukang (furniture)<\/li>\n<li>\n<strong>mod\u00e8le<\/strong>:SFK57<\/li>\n<li>\n<strong>\u00e9l\u00e9ments populaires<\/strong>:Master Design Mortise and Tenon Metal<\/li>\n<li>\n<strong>Est-ce personnalisable ?<\/strong>:Oui<\/li>\n<li>\n<strong>Combinaison<\/strong>:More combinations<\/li>\n<li>\n<strong>Mat\u00e9riel<\/strong>:acier<\/li>\n<li>\n<strong>Instructions d&#039;installation d\u00e9taill\u00e9es<\/strong>:Provide installation instructions Provide installation instruction video<\/li>\n<li>\n<strong>taille<\/strong>:autre<\/li>\n<li>\n<strong>mod\u00e8le<\/strong>:Art<\/li>\n<li>\n<strong>Un taxi est-il disponible pour le transport ?<\/strong>:Non<\/li>\n<li>\n<strong>gender<\/strong>:Female Male<\/li>\n<li>\n<strong>Livraison\/installation disponible<\/strong>:All cities<\/li>\n<li>\n<strong><\/strong>:<\/li>\n<\/ul>\n<p><img><\/p>","protected":false},"excerpt":{"rendered":"<p>Style : Simplicit\u00e9 Y a-t-il un espace de stockage ? : oui Ville : Ville de Guangzhou Districts et comt\u00e9s : District de Tianhe La pr\u00e9vente est-elle disponible ? : oui Mat\u00e9riau de finition : Panneaux \u00e0 base de bois Finition de panneau artificiel<\/p>","protected":false},"featured_media":144581,"comment_status":"open","ping_status":"closed","template":"","meta":[],"product_brand":[],"product_cat":[30971,30866],"product_tag":[],"class_list":{"0":"post-85115","1":"product","2":"type-product","3":"status-publish","4":"has-post-thumbnail","6":"product_cat-hp","7":"product_cat-wholesales-university-high-schools","9":"first","10":"instock","11":"taxable","12":"shipping-taxable","13":"purchasable","14":"product-type-variable"},"_links":{"self":[{"href":"https:\/\/nexgendecors.com\/fr\/wp-json\/wp\/v2\/product\/85115","targetHints":{"allow":["GET"]}}],"collection":[{"href":"https:\/\/nexgendecors.com\/fr\/wp-json\/wp\/v2\/product"}],"about":[{"href":"https:\/\/nexgendecors.com\/fr\/wp-json\/wp\/v2\/types\/product"}],"replies":[{"embeddable":true,"href":"https:\/\/nexgendecors.com\/fr\/wp-json\/wp\/v2\/comments?post=85115"}],"version-history":[{"count":0,"href":"https:\/\/nexgendecors.com\/fr\/wp-json\/wp\/v2\/product\/85115\/revisions"}],"wp:featuredmedia":[{"embeddable":true,"href":"https:\/\/nexgendecors.com\/fr\/wp-json\/wp\/v2\/media\/144581"}],"wp:attachment":[{"href":"https:\/\/nexgendecors.com\/fr\/wp-json\/wp\/v2\/media?parent=85115"}],"wp:term":[{"taxonomy":"product_brand","embeddable":true,"href":"https:\/\/nexgendecors.com\/fr\/wp-json\/wp\/v2\/product_brand?post=85115"},{"taxonomy":"product_cat","embeddable":true,"href":"https:\/\/nexgendecors.com\/fr\/wp-json\/wp\/v2\/product_cat?post=85115"},{"taxonomy":"product_tag","embeddable":true,"href":"https:\/\/nexgendecors.com\/fr\/wp-json\/wp\/v2\/product_tag?post=85115"}],"curies":[{"name":"wp","href":"https:\/\/api.w.org\/{rel}","templated":true}]}}