{"id":85175,"date":"2025-01-26T03:52:04","date_gmt":"2025-01-26T03:52:04","guid":{"rendered":"https:\/\/nexgendecors.com\/product\/upper-bed-and-lower-table-combination-bed-college-dormitory-bunk-bed-iron-bed-elevated-bed-sheet-upper-iron-bed\/"},"modified":"2025-04-06T09:44:50","modified_gmt":"2025-04-06T09:44:50","slug":"upper-bed-and-lower-table-combination-bed-college-dormitory-bunk-bed-iron-bed-elevated-bed-sheet-upper-iron-bed","status":"publish","type":"product","link":"https:\/\/nexgendecors.com\/fr\/product\/upper-bed-and-lower-table-combination-bed-college-dormitory-bunk-bed-iron-bed-elevated-bed-sheet-upper-iron-bed\/","title":{"rendered":"Lit superpos\u00e9 \u00e9l\u00e9gant en fer avec table basse pour dortoirs"},"content":{"rendered":"<ul>\n<li>\n<strong>Y a-t-il un espace de stockage ?<\/strong>:Oui<\/li>\n<li>\n<strong>style<\/strong>:Simple et moderne<\/li>\n<li>\n<strong>Bed Leg Material<\/strong>:acier<\/li>\n<li>\n<strong>ville<\/strong>:Guangzhou City<\/li>\n<li>\n<strong>Districts et comt\u00e9s<\/strong>:Tianhe District<\/li>\n<li>\n<strong>Metal decoration<\/strong>:Polished gold decoration<\/li>\n<li>\n<strong>Bedside material<\/strong>:acier<\/li>\n<li>\n<strong>La pr\u00e9vente est-elle disponible ?<\/strong>:Oui<\/li>\n<li>\n<strong>Bed box material<\/strong>:autre<\/li>\n<li>\n<strong>Fonctionnalit\u00e9s suppl\u00e9mentaires<\/strong>:Stockage<\/li>\n<li>\n<strong>volume du colis<\/strong>:3<\/li>\n<li>\n<strong>Bed head material<\/strong>:autre<\/li>\n<li>\n<strong>Positionnement de style<\/strong>:Style artistique<\/li>\n<li>\n<strong>Bed foot material<\/strong>:autre<\/li>\n<li>\n<strong>trier par couleur<\/strong>:Chocolate colorTransparentDark woodDark woodOne-pieceDark woodApartment bedDark woodOne-pieceApartment bedDark oakDark oakOne-pieceDark brownBrown oakWarm oakControllable standard items<\/li>\n<li>\n<strong>Poids brut<\/strong>:300<\/li>\n<li>\n<strong>marque<\/strong>:Saifukang (furniture)<\/li>\n<li>\n<strong>mod\u00e8le<\/strong>:SFK48<\/li>\n<li>\n<strong>\u00e9l\u00e9ments populaires<\/strong>:Master Design Mortise and Tenon Metal<\/li>\n<li>\n<strong>Bed material<\/strong>:Pin<\/li>\n<li>\n<strong>Mat\u00e9riel<\/strong>:acier<\/li>\n<li>\n<strong>Technologie<\/strong>:autre<\/li>\n<li>\n<strong>Est-ce personnalisable ?<\/strong>:Oui<\/li>\n<li>\n<strong>Faut-il avoir un cadre de lit ?<\/strong>:Oui<\/li>\n<li>\n<strong>Mat\u00e9riel<\/strong>:Panneaux \u00e0 base de bois<\/li>\n<li>\n<strong>Faut-il apporter un support souple<\/strong>:Non<\/li>\n<li>\n<strong>Instructions d&#039;installation d\u00e9taill\u00e9es<\/strong>:Provide installation instructions Provide installation instruction video<\/li>\n<li>\n<strong>Y a-t-il une barri\u00e8re de s\u00e9curit\u00e9 ?<\/strong>:Oui<\/li>\n<li>\n<strong>Nombre de personnes applicable<\/strong>:2 personnes<\/li>\n<li>\n<strong>Un taxi est-il disponible pour le transport ?<\/strong>:Non<\/li>\n<li>\n<strong>Livraison\/installation disponible<\/strong>:All cities<\/li>\n<\/ul>","protected":false},"excerpt":{"rendered":"<p>Y a-t-il un espace de rangement\u00a0? : oui style\u00a0: simple et moderne Mat\u00e9riau des pieds de lit\u00a0: acier ville\u00a0: ville de Guangzhou Districts et comt\u00e9s\u00a0: district de Tianhe D\u00e9coration en m\u00e9tal\u00a0: d\u00e9coration en or poli<\/p>","protected":false},"featured_media":144610,"comment_status":"open","ping_status":"closed","template":"","meta":[],"product_brand":[],"product_cat":[30900,30971,30866],"product_tag":[],"class_list":{"0":"post-85175","1":"product","2":"type-product","3":"status-publish","4":"has-post-thumbnail","6":"product_cat-bs-school","7":"product_cat-hp","8":"product_cat-wholesales-university-high-schools","10":"first","11":"instock","12":"taxable","13":"shipping-taxable","14":"purchasable","15":"product-type-variable"},"_links":{"self":[{"href":"https:\/\/nexgendecors.com\/fr\/wp-json\/wp\/v2\/product\/85175","targetHints":{"allow":["GET"]}}],"collection":[{"href":"https:\/\/nexgendecors.com\/fr\/wp-json\/wp\/v2\/product"}],"about":[{"href":"https:\/\/nexgendecors.com\/fr\/wp-json\/wp\/v2\/types\/product"}],"replies":[{"embeddable":true,"href":"https:\/\/nexgendecors.com\/fr\/wp-json\/wp\/v2\/comments?post=85175"}],"version-history":[{"count":0,"href":"https:\/\/nexgendecors.com\/fr\/wp-json\/wp\/v2\/product\/85175\/revisions"}],"wp:featuredmedia":[{"embeddable":true,"href":"https:\/\/nexgendecors.com\/fr\/wp-json\/wp\/v2\/media\/144610"}],"wp:attachment":[{"href":"https:\/\/nexgendecors.com\/fr\/wp-json\/wp\/v2\/media?parent=85175"}],"wp:term":[{"taxonomy":"product_brand","embeddable":true,"href":"https:\/\/nexgendecors.com\/fr\/wp-json\/wp\/v2\/product_brand?post=85175"},{"taxonomy":"product_cat","embeddable":true,"href":"https:\/\/nexgendecors.com\/fr\/wp-json\/wp\/v2\/product_cat?post=85175"},{"taxonomy":"product_tag","embeddable":true,"href":"https:\/\/nexgendecors.com\/fr\/wp-json\/wp\/v2\/product_tag?post=85175"}],"curies":[{"name":"wp","href":"https:\/\/api.w.org\/{rel}","templated":true}]}}