{"id":85206,"date":"2025-01-26T03:52:10","date_gmt":"2025-01-26T03:52:10","guid":{"rendered":"https:\/\/nexgendecors.com\/product\/upper-bed-and-lower-table-combination-bed-student-apartment-bed-school-dormitory-college-student-dormitory-bed-iron-bed-staff-dormitory-bed\/"},"modified":"2025-03-09T09:02:55","modified_gmt":"2025-03-09T09:02:55","slug":"upper-bed-and-lower-table-combination-bed-student-apartment-bed-school-dormitory-college-student-dormitory-bed-iron-bed-staff-dormitory-bed","status":"publish","type":"product","link":"https:\/\/nexgendecors.com\/fr\/product\/upper-bed-and-lower-table-combination-bed-student-apartment-bed-school-dormitory-college-student-dormitory-bed-iron-bed-staff-dormitory-bed\/","title":{"rendered":"Stylish Iron Bunk Bed for Student Dorms &#038; Apartments"},"content":{"rendered":"<ul>\n<li>\n<strong>marque<\/strong>:autre\/autre<\/li>\n<li>\n<strong>mod\u00e8le<\/strong>:SH917<\/li>\n<li>\n<strong>style<\/strong>:Simple et moderne<\/li>\n<li>\n<strong>Nombre de personnes applicable<\/strong>:individuel<\/li>\n<li>\n<strong>\u00e9l\u00e9ments populaires<\/strong>:Other, Mortise and tenon, Master design, Special shape, Splicing, Metal<\/li>\n<li>\n<strong>trier par couleur<\/strong>:Single seat, Single seat, Double seat step ladder, Double seat step ladder, Double seat ladder cabinet, Double seat ladder cabinet<\/li>\n<li>\n<strong>Poids brut<\/strong>:100<\/li>\n<li>\n<strong>Est-ce personnalisable ?<\/strong>:Oui<\/li>\n<li>\n<strong>Y a-t-il une barri\u00e8re de s\u00e9curit\u00e9 ?<\/strong>:Oui<\/li>\n<li>\n<strong>Faut-il avoir un cadre de lit ?<\/strong>:Oui<\/li>\n<li>\n<strong>Faut-il apporter un support souple<\/strong>:Non<\/li>\n<li>\n<strong>Fonctionnalit\u00e9s suppl\u00e9mentaires<\/strong>:Removable, Other, Storage<\/li>\n<li>\n<strong>Y a-t-il un espace de stockage ?<\/strong>:Oui<\/li>\n<li>\n<strong>Mat\u00e9riel<\/strong>:fer<\/li>\n<li>\n<strong>Technologie<\/strong>:Peinture<\/li>\n<li>\n<strong>Livraison\/installation disponible<\/strong>:All cities<\/li>\n<li>\n<strong>Origine<\/strong>:Province du Jiangsu<\/li>\n<li>\n<strong>ville<\/strong>:Ville de Suzhou<\/li>\n<li>\n<strong>Districts et comt\u00e9s<\/strong>:District de Xiangcheng<\/li>\n<li>\n<strong>volume du colis<\/strong>:1<\/li>\n<li>\n<strong>Un taxi est-il disponible pour le transport ?<\/strong>:Non<\/li>\n<li>\n<strong>Positionnement de style<\/strong>:\u00c9conomique<\/li>\n<li>\n<strong>Instructions d&#039;installation d\u00e9taill\u00e9es<\/strong>:Aucune instruction d&#039;installation<\/li>\n<li>\n<strong>Bed Leg Material<\/strong>:fer<\/li>\n<li>\n<strong>Bed material<\/strong>:autre<\/li>\n<li>\n<strong>Bed head material<\/strong>:fer<\/li>\n<li>\n<strong>Bed foot material<\/strong>:fer<\/li>\n<li>\n<strong>Bedside material<\/strong>:fer<\/li>\n<li>\n<strong>Bed box material<\/strong>:Panneau de particules\/panneau de m\u00e9lamine<\/li>\n<li>\n<strong><\/strong>:<\/li>\n<\/ul>\n<p><img><\/p>","protected":false},"excerpt":{"rendered":"<p>brand:other\/other model:SH917 style:Simple and modern Applicable number of people:individual popular elements:Other, Mortise and tenon, Master design, Special shape, Splicing, Metal<\/p>","protected":false},"featured_media":144637,"comment_status":"open","ping_status":"closed","template":"","meta":[],"product_brand":[],"product_cat":[30971,30866],"product_tag":[],"class_list":{"0":"post-85206","1":"product","2":"type-product","3":"status-publish","4":"has-post-thumbnail","6":"product_cat-hp","7":"product_cat-wholesales-university-high-schools","9":"first","10":"instock","11":"taxable","12":"shipping-taxable","13":"purchasable","14":"product-type-variable"},"_links":{"self":[{"href":"https:\/\/nexgendecors.com\/fr\/wp-json\/wp\/v2\/product\/85206","targetHints":{"allow":["GET"]}}],"collection":[{"href":"https:\/\/nexgendecors.com\/fr\/wp-json\/wp\/v2\/product"}],"about":[{"href":"https:\/\/nexgendecors.com\/fr\/wp-json\/wp\/v2\/types\/product"}],"replies":[{"embeddable":true,"href":"https:\/\/nexgendecors.com\/fr\/wp-json\/wp\/v2\/comments?post=85206"}],"version-history":[{"count":0,"href":"https:\/\/nexgendecors.com\/fr\/wp-json\/wp\/v2\/product\/85206\/revisions"}],"wp:featuredmedia":[{"embeddable":true,"href":"https:\/\/nexgendecors.com\/fr\/wp-json\/wp\/v2\/media\/144637"}],"wp:attachment":[{"href":"https:\/\/nexgendecors.com\/fr\/wp-json\/wp\/v2\/media?parent=85206"}],"wp:term":[{"taxonomy":"product_brand","embeddable":true,"href":"https:\/\/nexgendecors.com\/fr\/wp-json\/wp\/v2\/product_brand?post=85206"},{"taxonomy":"product_cat","embeddable":true,"href":"https:\/\/nexgendecors.com\/fr\/wp-json\/wp\/v2\/product_cat?post=85206"},{"taxonomy":"product_tag","embeddable":true,"href":"https:\/\/nexgendecors.com\/fr\/wp-json\/wp\/v2\/product_tag?post=85206"}],"curies":[{"name":"wp","href":"https:\/\/api.w.org\/{rel}","templated":true}]}}