{"id":85416,"date":"2025-01-26T03:52:48","date_gmt":"2025-01-26T03:52:48","guid":{"rendered":"https:\/\/nexgendecors.com\/product\/vescasa-armless-faux-leather-accent-chair-with-metal-leg-channel-tufted-upholstered-single-chair-with-cushion-back-for-living-room-1-pc-brown1711879818107\/"},"modified":"2025-04-06T09:45:36","modified_gmt":"2025-04-06T09:45:36","slug":"fauteuil-dappoint-vescasa-en-similicuir-sans-accoudoirs-avec-pieds-en-metal-capitonne-et-rembourre-avec-dossier-coussine-pour-salon-1-piece-marron-1711879818107","status":"publish","type":"product","link":"https:\/\/nexgendecors.com\/fr\/product\/fauteuil-dappoint-vescasa-en-similicuir-sans-accoudoirs-avec-pieds-en-metal-capitonne-et-rembourre-avec-dossier-coussine-pour-salon-1-piece-marron-1711879818107\/","title":{"rendered":"VESCASA Fauteuil d'appoint en simili-cuir, tuft\u00e9, marron"},"content":{"rendered":"<p data-mce-fragment=\"1\">\ud83e\ude91 <strong data-mce-fragment=\"1\">Caract\u00e9ristiques distinctives :<\/strong> D\u00e9couvrez notre fauteuil d&#039;appoint moderne sans accoudoirs, con\u00e7u de mani\u00e8re unique avec une position inclin\u00e9e et orn\u00e9 d&#039;un capitonnage \u00e0 canaux en biscuit pour plus de texture et de style.<\/p>\n<p data-mce-fragment=\"1\">\ud83c\udf3f <strong data-mce-fragment=\"1\">\u00c9l\u00e9gant et simple :<\/strong> Adoptez le minimalisme avec notre chaise pantoufle, dot\u00e9e d&#039;une base tra\u00eeneau inclin\u00e9e fabriqu\u00e9e en m\u00e9tal enduit de poudre dans une finition noire \u00e9l\u00e9gante, apportant une touche industrielle \u00e0 votre espace.<\/p>\n<p data-mce-fragment=\"1\">\ud83d\ude0c <strong data-mce-fragment=\"1\">Confort in\u00e9gal\u00e9 :<\/strong> Plongez dans un univers de bien-\u00eatre gr\u00e2ce \u00e0 son dossier et son assise capitonn\u00e9s en polyester, g\u00e9n\u00e9reusement rembourr\u00e9s de mousse pour un soutien optimal. Que ce soit pour une soir\u00e9e cin\u00e9ma ou un moment de d\u00e9tente avec un livre, ce fauteuil vous garantit une d\u00e9tente optimale.<\/p>\n<p data-mce-fragment=\"1\">\ud83c\udfe1 <strong data-mce-fragment=\"1\">Utilisation polyvalente :<\/strong> De la chambre au salon, cette chaise d&#039;appoint s&#039;int\u00e8gre parfaitement \u00e0 tous les espaces. Que vous ayez besoin d&#039;un si\u00e8ge suppl\u00e9mentaire ou d&#039;une touche d\u00e9corative, elle est parfaite pour la chambre, le salon, le bureau ou le s\u00e9jour, offrant une assise confortable o\u00f9 que vous alliez.<\/p>\n<p data-mce-fragment=\"1\">\ud83d\udcd0 <strong data-mce-fragment=\"1\">Dimensions et assemblage :<\/strong> Assemblage partiel requis. Dimensions\u00a0: 69,8\u00a0cm (P) x 75,9\u00a0cm (L) x 76,2\u00a0cm (H). Si\u00e8ge\u00a0: 66\u00a0cm (P) x 50\u00a0cm (L) x 46\u00a0cm (H). \u00c9paisseur du si\u00e8ge\u00a0: 10,8\u00a0cm. Avec une capacit\u00e9 de charge de 113\u00a0kg (250\u00a0lb), il est con\u00e7u pour s&#039;adapter \u00e0 diff\u00e9rents types de corps et besoins.<\/p>\n<div><\/div>","protected":false},"excerpt":{"rendered":"<p>\ud83e\ude91 Caract\u00e9ristiques distinctives : Voici notre fauteuil d'appoint moderne sans bras, con\u00e7u de fa\u00e7on unique avec une position inclin\u00e9e et orn\u00e9 de cannelures biscuit.<\/p>","protected":false},"featured_media":144918,"comment_status":"open","ping_status":"closed","template":"","meta":[],"product_brand":[],"product_cat":[30825,30826,30971,32],"product_tag":[],"class_list":{"0":"post-85416","1":"product","2":"type-product","3":"status-publish","4":"has-post-thumbnail","6":"product_cat-dining-chairs","7":"product_cat-dining-room","8":"product_cat-hp","9":"product_cat-residential-furniture","11":"first","12":"instock","13":"sale","14":"taxable","15":"shipping-taxable","16":"purchasable","17":"product-type-variable"},"_links":{"self":[{"href":"https:\/\/nexgendecors.com\/fr\/wp-json\/wp\/v2\/product\/85416","targetHints":{"allow":["GET"]}}],"collection":[{"href":"https:\/\/nexgendecors.com\/fr\/wp-json\/wp\/v2\/product"}],"about":[{"href":"https:\/\/nexgendecors.com\/fr\/wp-json\/wp\/v2\/types\/product"}],"replies":[{"embeddable":true,"href":"https:\/\/nexgendecors.com\/fr\/wp-json\/wp\/v2\/comments?post=85416"}],"version-history":[{"count":0,"href":"https:\/\/nexgendecors.com\/fr\/wp-json\/wp\/v2\/product\/85416\/revisions"}],"wp:featuredmedia":[{"embeddable":true,"href":"https:\/\/nexgendecors.com\/fr\/wp-json\/wp\/v2\/media\/144918"}],"wp:attachment":[{"href":"https:\/\/nexgendecors.com\/fr\/wp-json\/wp\/v2\/media?parent=85416"}],"wp:term":[{"taxonomy":"product_brand","embeddable":true,"href":"https:\/\/nexgendecors.com\/fr\/wp-json\/wp\/v2\/product_brand?post=85416"},{"taxonomy":"product_cat","embeddable":true,"href":"https:\/\/nexgendecors.com\/fr\/wp-json\/wp\/v2\/product_cat?post=85416"},{"taxonomy":"product_tag","embeddable":true,"href":"https:\/\/nexgendecors.com\/fr\/wp-json\/wp\/v2\/product_tag?post=85416"}],"curies":[{"name":"wp","href":"https:\/\/api.w.org\/{rel}","templated":true}]}}