{"id":85456,"date":"2025-01-26T03:52:56","date_gmt":"2025-01-26T03:52:56","guid":{"rendered":"https:\/\/nexgendecors.com\/product\/vescasa-linen-upholstered-accent-chair-with-black-wood-legs-farmhouse-padded-accent-chair-with-rattan-curved-open-back-for-living-room-beige1711879818135\/"},"modified":"2025-04-06T09:45:48","modified_gmt":"2025-04-06T09:45:48","slug":"vescasa-linen-upholstered-accent-chair-with-black-wood-legs-farmhouse-padded-accent-chair-with-rattan-curved-open-back-for-living-room-beige1711879818135","status":"publish","type":"product","link":"https:\/\/nexgendecors.com\/fr\/product\/vescasa-linen-upholstered-accent-chair-with-black-wood-legs-farmhouse-padded-accent-chair-with-rattan-curved-open-back-for-living-room-beige1711879818135\/","title":{"rendered":"VESCASA Chaise d'appoint Farmhouse en lin avec dossier en rotin"},"content":{"rendered":"<p><span data-mce-fragment=\"1\">\ud83c\udf1f <\/span><strong data-mce-fragment=\"1\">Sturdy Elegance:<\/strong><span data-mce-fragment=\"1\"> Crafted with a solid wood base and backrest, ensuring long-lasting durability and stability.<\/span><\/p>\n<p><span data-mce-fragment=\"1\"> \ud83d\ude0c <\/span><strong data-mce-fragment=\"1\">Luxurious Comfort:<\/strong><span data-mce-fragment=\"1\"> Sink into the thickened, soft cushions for a truly comfortable seating experience. <\/span><\/p>\n<p><span data-mce-fragment=\"1\">\ud83c\udfa8 <\/span><strong data-mce-fragment=\"1\">Premium Fabric:<\/strong><span data-mce-fragment=\"1\"> Wrapped in high-quality linen fabric, this leisure chair offers a delightful tactile sensation and adds a touch of refinement to any room. <\/span><\/p>\n<p><span data-mce-fragment=\"1\">\ud83d\udcba <\/span><strong data-mce-fragment=\"1\">Plush Seating:<\/strong><span data-mce-fragment=\"1\"> With a 14.25&#8243; H rattan back and a generously sized 22&#8243; W upholstered seat filled with high-quality soft sponge, this French-style chair provides maximum comfort and coziness.<\/span><\/p>\n<p><span data-mce-fragment=\"1\"> \ud83c\udf33 <\/span><strong data-mce-fragment=\"1\">Floor Protection:<\/strong><span data-mce-fragment=\"1\"> Equipped with four sturdy wood legs, each fitted with non-slip foot pads, safeguarding your floors from scratches while adding an elegant accent to your space.<\/span><\/p>","protected":false},"excerpt":{"rendered":"<p>\ud83c\udf1f Sturdy Elegance : Fabriqu\u00e9 avec une base et un dossier en bois massif, assurant une durabilit\u00e9 et une stabilit\u00e9 \u00e0 long terme. \ud83d\ude0c Confort luxueux : Sink<\/p>","protected":false},"featured_media":144998,"comment_status":"open","ping_status":"closed","template":"","meta":[],"product_brand":[],"product_cat":[30825,30826,30971,32],"product_tag":[],"class_list":{"0":"post-85456","1":"product","2":"type-product","3":"status-publish","4":"has-post-thumbnail","6":"product_cat-dining-chairs","7":"product_cat-dining-room","8":"product_cat-hp","9":"product_cat-residential-furniture","11":"first","12":"instock","13":"sale","14":"taxable","15":"shipping-taxable","16":"purchasable","17":"product-type-variable"},"_links":{"self":[{"href":"https:\/\/nexgendecors.com\/fr\/wp-json\/wp\/v2\/product\/85456","targetHints":{"allow":["GET"]}}],"collection":[{"href":"https:\/\/nexgendecors.com\/fr\/wp-json\/wp\/v2\/product"}],"about":[{"href":"https:\/\/nexgendecors.com\/fr\/wp-json\/wp\/v2\/types\/product"}],"replies":[{"embeddable":true,"href":"https:\/\/nexgendecors.com\/fr\/wp-json\/wp\/v2\/comments?post=85456"}],"version-history":[{"count":0,"href":"https:\/\/nexgendecors.com\/fr\/wp-json\/wp\/v2\/product\/85456\/revisions"}],"wp:featuredmedia":[{"embeddable":true,"href":"https:\/\/nexgendecors.com\/fr\/wp-json\/wp\/v2\/media\/144998"}],"wp:attachment":[{"href":"https:\/\/nexgendecors.com\/fr\/wp-json\/wp\/v2\/media?parent=85456"}],"wp:term":[{"taxonomy":"product_brand","embeddable":true,"href":"https:\/\/nexgendecors.com\/fr\/wp-json\/wp\/v2\/product_brand?post=85456"},{"taxonomy":"product_cat","embeddable":true,"href":"https:\/\/nexgendecors.com\/fr\/wp-json\/wp\/v2\/product_cat?post=85456"},{"taxonomy":"product_tag","embeddable":true,"href":"https:\/\/nexgendecors.com\/fr\/wp-json\/wp\/v2\/product_tag?post=85456"}],"curies":[{"name":"wp","href":"https:\/\/api.w.org\/{rel}","templated":true}]}}