{"id":85535,"date":"2025-01-26T03:53:07","date_gmt":"2025-01-26T03:53:07","guid":{"rendered":"https:\/\/nexgendecors.com\/product\/vescasa-modern-counter-bar-stools-with-curved-back-and-seat-25-5-inches-h-faux-pu-leather-armless-counter-stool-chairs-with-wood-legs-for-kitchen-dining-room-set-of-2-black1711879818054\/"},"modified":"2025-04-06T09:46:03","modified_gmt":"2025-04-06T09:46:03","slug":"vescasa-modern-counter-bar-stools-with-curved-back-and-seat-25-5-inches-h-faux-pu-leather-armless-counter-stool-chairs-with-wood-legs-for-kitchen-dining-room-set-of-2-black1711879818054","status":"publish","type":"product","link":"https:\/\/nexgendecors.com\/fr\/product\/vescasa-modern-counter-bar-stools-with-curved-back-and-seat-25-5-inches-h-faux-pu-leather-armless-counter-stool-chairs-with-wood-legs-for-kitchen-dining-room-set-of-2-black1711879818054\/","title":{"rendered":"VESCASA Tabourets de comptoir \u00e0 dossier incurv\u00e9, ensemble de 2, noir"},"content":{"rendered":"<p data-mce-fragment=\"1\">\ud83c\udf1f <strong data-mce-fragment=\"1\">Chic &#038; Sophisticated:<\/strong> Elevate your home counter bar with these stylish counter barstools featuring curved backs, seats, and solid wood legs. Their coordinated colors and elegant design add a touch of sophistication, making them the focal point of your space.<\/p>\n<p data-mce-fragment=\"1\">\ud83d\udccf <strong data-mce-fragment=\"1\">Perfectly Proportioned:<\/strong> With a seat measuring 18&#8243; W x 22.5&#8243; D and a backrest measuring 13&#8243; H x 17&#8243; W, these counter height stools are designed for optimal comfort. Enjoy the convenience of well-proportioned seat and back heights for a more comfortable seating experience.<\/p>\n<p data-mce-fragment=\"1\">\ud83d\udcba <strong data-mce-fragment=\"1\">Luxurious Faux Leather:<\/strong> Crafted from high-quality PU leather, these stools offer exceptional comfort. The waterproof leather ensures durability and protects against life&#8217;s little mishaps, keeping you comfortable and worry-free.<\/p>\n<p data-mce-fragment=\"1\">\ud83c\udf33 <strong data-mce-fragment=\"1\">Sturdy Wood Legs:<\/strong> Adorned with four solid rubberwood legs in an elegant farmhouse style, these counter bar chairs provide both stability and beauty. Enjoy a reliable seating solution that enhances the aesthetic appeal of your home.<\/p>\n<div><\/div>","protected":false},"excerpt":{"rendered":"<p>\ud83c\udf1f Chic et sophistiqu\u00e9 : Ces tabourets de comptoir \u00e9l\u00e9gants sont dot\u00e9s d'un dossier et d'une assise incurv\u00e9s, et d'un dossier et d'une assise solides.<\/p>","protected":false},"featured_media":145089,"comment_status":"open","ping_status":"closed","template":"","meta":[],"product_brand":[],"product_cat":[30813,30826,30971,32],"product_tag":[],"class_list":{"0":"post-85535","1":"product","2":"type-product","3":"status-publish","4":"has-post-thumbnail","6":"product_cat-bar-stools","7":"product_cat-dining-room","8":"product_cat-hp","9":"product_cat-residential-furniture","11":"first","12":"instock","13":"sale","14":"taxable","15":"shipping-taxable","16":"purchasable","17":"product-type-variable"},"_links":{"self":[{"href":"https:\/\/nexgendecors.com\/fr\/wp-json\/wp\/v2\/product\/85535","targetHints":{"allow":["GET"]}}],"collection":[{"href":"https:\/\/nexgendecors.com\/fr\/wp-json\/wp\/v2\/product"}],"about":[{"href":"https:\/\/nexgendecors.com\/fr\/wp-json\/wp\/v2\/types\/product"}],"replies":[{"embeddable":true,"href":"https:\/\/nexgendecors.com\/fr\/wp-json\/wp\/v2\/comments?post=85535"}],"version-history":[{"count":0,"href":"https:\/\/nexgendecors.com\/fr\/wp-json\/wp\/v2\/product\/85535\/revisions"}],"wp:featuredmedia":[{"embeddable":true,"href":"https:\/\/nexgendecors.com\/fr\/wp-json\/wp\/v2\/media\/145089"}],"wp:attachment":[{"href":"https:\/\/nexgendecors.com\/fr\/wp-json\/wp\/v2\/media?parent=85535"}],"wp:term":[{"taxonomy":"product_brand","embeddable":true,"href":"https:\/\/nexgendecors.com\/fr\/wp-json\/wp\/v2\/product_brand?post=85535"},{"taxonomy":"product_cat","embeddable":true,"href":"https:\/\/nexgendecors.com\/fr\/wp-json\/wp\/v2\/product_cat?post=85535"},{"taxonomy":"product_tag","embeddable":true,"href":"https:\/\/nexgendecors.com\/fr\/wp-json\/wp\/v2\/product_tag?post=85535"}],"curies":[{"name":"wp","href":"https:\/\/api.w.org\/{rel}","templated":true}]}}