{"id":85593,"date":"2025-01-26T03:53:17","date_gmt":"2025-01-26T03:53:17","guid":{"rendered":"https:\/\/nexgendecors.com\/product\/vescasa-velvet-bar-height-bar-stools-with-square-tufted-mid-back-30-inches-modern-upholstered-barstools-with-metal-base-for-home-bar-pub-set-of-2-beige1711879818050\/"},"modified":"2025-04-06T09:46:18","modified_gmt":"2025-04-06T09:46:18","slug":"vescasa-velvet-bar-height-bar-stools-with-square-tufted-mid-back-30-inches-modern-upholstered-barstools-with-metal-base-for-home-bar-pub-set-of-2-beige1711879818050","status":"publish","type":"product","link":"https:\/\/nexgendecors.com\/fr\/product\/vescasa-velvet-bar-height-bar-stools-with-square-tufted-mid-back-30-inches-modern-upholstered-barstools-with-metal-base-for-home-bar-pub-set-of-2-beige1711879818050\/","title":{"rendered":"Tabourets de bar en velours VESCASA, dossier moyen 30 po, beige, lot de 2"},"content":{"rendered":"<p data-mce-fragment=\"1\">\ud83e\ude91 <strong data-mce-fragment=\"1\">Stylish and Versatile Barstools<\/strong>: Elevate your home bar or restaurant with these square tufted mid-back barstools, available in two stylish options: swivel adjustable height style and 31-inch fixed sitting height style. Choose the one that best suits your needs and preferences.<\/p>\n<p data-mce-fragment=\"1\">\ud83c\udfa8 <strong data-mce-fragment=\"1\">Variety of Styles and Colors<\/strong>: Available in two styles and three stunning colors\u2014Faux Leather (Brown), Velvet (Beige), and Velvet (Green)\u2014these barstools offer versatility and options to match your d\u00e9cor.<\/p>\n<p data-mce-fragment=\"1\">\ud83d\udd27 <strong data-mce-fragment=\"1\">Adjustable Height and Comfortable Design<\/strong>: The height-adjustable bar chair allows you to adjust the seat height from 25.5 inches to 34.25 inches with just one touch, providing flexibility and comfort. The fashionable padded square tufted mid-backrest and thick cushions ensure a comfortable seating experience.<\/p>\n<p data-mce-fragment=\"1\">\ud83d\udee0\ufe0f <strong data-mce-fragment=\"1\">Durable Construction and Easy Assembly<\/strong>: Both styles feature sturdy metal bases with appropriate height footrests and rubber foot pads to protect your floor from scratches. Assembly is required, but the package includes all necessary screws and tools, along with detailed installation instructions.<\/p>\n<p data-mce-fragment=\"1\">\ud83d\udccf <strong data-mce-fragment=\"1\">Dimensions and Weight Capacity<\/strong>: For the swivel adjustable height style, the overall size is 22&#8243; W x 23.5&#8243; D x 45&#8243; H, with a weight capacity of 250 LBS. For the 31-inch fixed sitting height style, the overall size is 22&#8243; W x 22.25&#8243; D x 41&#8243; H, also with a weight capacity of 250 LBS.<\/p>\n<p data-mce-fragment=\"1\">\ud83d\udd12 <strong data-mce-fragment=\"1\">Note and Warranty<\/strong>: Please adjust the stability of the chair before fully tightening the screws. Due to screen and lighting differences, colors may vary slightly. All measurements are manual with a possible deviation of up to 1&#8243; inch. Enjoy peace of mind with our 30-day replacement or money-back warranty.<\/p>\n<div><\/div>","protected":false},"excerpt":{"rendered":"<p>Tabourets de bar \u00e9l\u00e9gants et polyvalents : rehaussez votre bar ou votre restaurant avec ces tabourets de bar carr\u00e9s touffet\u00e9s \u00e0 dossier moyen, disponibles en deux<\/p>","protected":false},"featured_media":145197,"comment_status":"open","ping_status":"closed","template":"","meta":[],"product_brand":[],"product_cat":[30813,30826,30971,32],"product_tag":[],"class_list":{"0":"post-85593","1":"product","2":"type-product","3":"status-publish","4":"has-post-thumbnail","6":"product_cat-bar-stools","7":"product_cat-dining-room","8":"product_cat-hp","9":"product_cat-residential-furniture","11":"first","12":"instock","13":"sale","14":"taxable","15":"shipping-taxable","16":"purchasable","17":"product-type-variable"},"_links":{"self":[{"href":"https:\/\/nexgendecors.com\/fr\/wp-json\/wp\/v2\/product\/85593","targetHints":{"allow":["GET"]}}],"collection":[{"href":"https:\/\/nexgendecors.com\/fr\/wp-json\/wp\/v2\/product"}],"about":[{"href":"https:\/\/nexgendecors.com\/fr\/wp-json\/wp\/v2\/types\/product"}],"replies":[{"embeddable":true,"href":"https:\/\/nexgendecors.com\/fr\/wp-json\/wp\/v2\/comments?post=85593"}],"version-history":[{"count":0,"href":"https:\/\/nexgendecors.com\/fr\/wp-json\/wp\/v2\/product\/85593\/revisions"}],"wp:featuredmedia":[{"embeddable":true,"href":"https:\/\/nexgendecors.com\/fr\/wp-json\/wp\/v2\/media\/145197"}],"wp:attachment":[{"href":"https:\/\/nexgendecors.com\/fr\/wp-json\/wp\/v2\/media?parent=85593"}],"wp:term":[{"taxonomy":"product_brand","embeddable":true,"href":"https:\/\/nexgendecors.com\/fr\/wp-json\/wp\/v2\/product_brand?post=85593"},{"taxonomy":"product_cat","embeddable":true,"href":"https:\/\/nexgendecors.com\/fr\/wp-json\/wp\/v2\/product_cat?post=85593"},{"taxonomy":"product_tag","embeddable":true,"href":"https:\/\/nexgendecors.com\/fr\/wp-json\/wp\/v2\/product_tag?post=85593"}],"curies":[{"name":"wp","href":"https:\/\/api.w.org\/{rel}","templated":true}]}}