{"id":85794,"date":"2025-01-26T03:53:48","date_gmt":"2025-01-26T03:53:48","guid":{"rendered":"https:\/\/nexgendecors.com\/product\/villa-large-chandelier-duplex-modern-light-luxury-loft-loft-simple-luxury-atmosphere-living-room-hollow-headlight\/"},"modified":"2025-04-06T09:46:32","modified_gmt":"2025-04-06T09:46:32","slug":"villa-large-chandelier-duplex-modern-light-luxury-loft-loft-simple-luxury-atmosphere-living-room-hollow-headlight","status":"publish","type":"product","link":"https:\/\/nexgendecors.com\/fr\/product\/villa-large-chandelier-duplex-modern-light-luxury-loft-loft-simple-luxury-atmosphere-living-room-hollow-headlight\/","title":{"rendered":"Modern Luxury Duplex Chandelier for Stylish Living Rooms"},"content":{"rendered":"<ul>\n<li>\n<strong>marque<\/strong>:autre\/autre<\/li>\n<li>\n<strong>mod\u00e8le<\/strong>:GLS649<\/li>\n<li>\n<strong>pouvoir<\/strong>:71W (inclusive) &#8211; 80W (inclusive)<\/li>\n<li>\n<strong>style<\/strong>:Simple et moderne<\/li>\n<li>\n<strong>Origine<\/strong>:Chine continentale<\/li>\n<li>\n<strong>Temp\u00e9rature de couleur de la source lumineuse Valeur K<\/strong>:3000K<\/li>\n<li>\n<strong>Espace applicable<\/strong>:LOFT\/Duplex Maison Duplex\/Escalier<\/li>\n<li>\n<strong>trier par couleur<\/strong>:Provide customized size (customizable DaLi dimming), 16 heads [customized size], 21 heads [customized size], 35 heads [customized size], 42 heads [customized size], 55 heads [customized size], 69 heads [customized size], 28 heads [customized size], 88 heads [customized size], 99 heads [customized size], 120 heads [customized size], 160 heads [customized size], 200 heads [customized size], 48 heads [customized size]<\/li>\n<li>\n<strong>La lampe a-t-elle une source lumineuse ?<\/strong>:Oui<\/li>\n<li>\n<strong>Service en ville<\/strong>:Les acheteurs de la m\u00eame ville r\u00e9cup\u00e8rent les marchandises \u00e0 domicile<\/li>\n<li>\n<strong>Tension<\/strong>:100V-240V<\/li>\n<li>\n<strong>Mat\u00e9riau principal du corps de la lampe<\/strong>:fer<\/li>\n<li>\n<strong>Mat\u00e9riau principal de l&#039;abat-jour<\/strong>:Abat-jour en PMMA \u00e0 haute transmission lumineuse<\/li>\n<li>\n<strong>type de source lumineuse<\/strong>:Lumi\u00e8res LED<\/li>\n<li>\n<strong>Nombre de sources lumineuses<\/strong>:1<\/li>\n<li>\n<strong>Technologie<\/strong>:chrome<\/li>\n<li>\n<strong>Zone d&#039;irradiation<\/strong>:15\u33a1-30\u33a1<\/li>\n<li>\n<strong>Type de contr\u00f4le<\/strong>:autre<\/li>\n<li>\n<strong>Mat\u00e9riau auxiliaire pour abat-jour<\/strong>:Abat-jour en PMMA \u00e0 haute transmission lumineuse<\/li>\n<li>\n<strong>P\u00e9riode de garantie<\/strong>:3 ans<\/li>\n<li>\n<strong>Mat\u00e9riau auxiliaire du corps de la lampe<\/strong>:Ch\u00e2ssis ABS+Mat\u00e9riel<\/li>\n<li>\n<strong>Type intelligent<\/strong>:Pas de support pour smart<\/li>\n<li>\n<strong>Que ce soit un contr\u00f4le intelligent<\/strong>:Non<\/li>\n<li>\n<strong>Forme de la lampe<\/strong>:Autres lustres de forme sp\u00e9ciale<\/li>\n<li>\n<strong>Nombre d&#039;accessoires<\/strong>:3<\/li>\n<li>\n<strong>Nombre de t\u00eates de lampe<\/strong>:1<\/li>\n<li>\n<strong>Type de lustre<\/strong>:Crystal chandeliers<\/li>\n<li>\n<strong>Num\u00e9ro de certificat 3C<\/strong>:2016011001892728<\/li>\n<\/ul>\n<p><img><\/p>","protected":false},"excerpt":{"rendered":"<p>brand:other\/other model:GLS649 power:71W (inclusive) &#8211; 80W (inclusive) style:Simple and modern Origin:Chinese mainland Light source color temperature K value:3000K Applicable space:LOFT\/Duplex<\/p>","protected":false},"featured_media":145446,"comment_status":"open","ping_status":"closed","template":"","meta":[],"product_brand":[],"product_cat":[30971,30864],"product_tag":[],"class_list":{"0":"post-85794","1":"product","2":"type-product","3":"status-publish","4":"has-post-thumbnail","6":"product_cat-hp","7":"product_cat-new-wholesales-lights","9":"first","10":"instock","11":"taxable","12":"shipping-taxable","13":"purchasable","14":"product-type-variable"},"_links":{"self":[{"href":"https:\/\/nexgendecors.com\/fr\/wp-json\/wp\/v2\/product\/85794","targetHints":{"allow":["GET"]}}],"collection":[{"href":"https:\/\/nexgendecors.com\/fr\/wp-json\/wp\/v2\/product"}],"about":[{"href":"https:\/\/nexgendecors.com\/fr\/wp-json\/wp\/v2\/types\/product"}],"replies":[{"embeddable":true,"href":"https:\/\/nexgendecors.com\/fr\/wp-json\/wp\/v2\/comments?post=85794"}],"version-history":[{"count":0,"href":"https:\/\/nexgendecors.com\/fr\/wp-json\/wp\/v2\/product\/85794\/revisions"}],"wp:featuredmedia":[{"embeddable":true,"href":"https:\/\/nexgendecors.com\/fr\/wp-json\/wp\/v2\/media\/145446"}],"wp:attachment":[{"href":"https:\/\/nexgendecors.com\/fr\/wp-json\/wp\/v2\/media?parent=85794"}],"wp:term":[{"taxonomy":"product_brand","embeddable":true,"href":"https:\/\/nexgendecors.com\/fr\/wp-json\/wp\/v2\/product_brand?post=85794"},{"taxonomy":"product_cat","embeddable":true,"href":"https:\/\/nexgendecors.com\/fr\/wp-json\/wp\/v2\/product_cat?post=85794"},{"taxonomy":"product_tag","embeddable":true,"href":"https:\/\/nexgendecors.com\/fr\/wp-json\/wp\/v2\/product_tag?post=85794"}],"curies":[{"name":"wp","href":"https:\/\/api.w.org\/{rel}","templated":true}]}}