{"id":85975,"date":"2025-01-26T03:54:08","date_gmt":"2025-01-26T03:54:08","guid":{"rendered":"https:\/\/nexgendecors.com\/product\/wabi-sabi-retro-floor-cabinet-tv-cabinet-north-american-black-walnut-full-solid-wood-simple-light-luxury-creative-floor-tv-cabinet-2\/"},"modified":"2025-04-06T09:46:51","modified_gmt":"2025-04-06T09:46:51","slug":"wabi-sabi-retro-floor-cabinet-tv-cabinet-north-american-black-walnut-full-solid-wood-simple-light-luxury-creative-floor-tv-cabinet-2","status":"publish","type":"product","link":"https:\/\/nexgendecors.com\/fr\/product\/wabi-sabi-retro-floor-cabinet-tv-cabinet-north-american-black-walnut-full-solid-wood-simple-light-luxury-creative-floor-tv-cabinet-2\/","title":{"rendered":"Meuble TV r\u00e9tro Wabi-Sabi en noyer noir \u2013 Luxe simple"},"content":{"rendered":"<ul>\n<li>\n<strong>marque<\/strong>:\u00c9rable violet de jade<\/li>\n<li>\n<strong>mod\u00e8le<\/strong>:Y0832<\/li>\n<li>\n<strong>style<\/strong>:Moderne et simple<\/li>\n<li>\n<strong>Que ce soit avec un rouleau<\/strong>:Non<\/li>\n<li>\n<strong>Assembler<\/strong>:Oui<\/li>\n<li>\n<strong>Processus de peinture<\/strong>:Peinture<\/li>\n<li>\n<strong>Appropri\u00e9<\/strong>:Adultes<\/li>\n<li>\n<strong>longueur<\/strong>:2.0m (not included) &#8211; 2.3m (inclusive)<\/li>\n<li>\n<strong>Mat\u00e9riau de finition<\/strong>:Bois<\/li>\n<li>\n<strong>volume du colis<\/strong>:1<\/li>\n<li>\n<strong>Est-ce personnalisable ?<\/strong>:Oui<\/li>\n<li>\n<strong>Mat\u00e9riel<\/strong>:autre<\/li>\n<li>\n<strong>Structure du meuble<\/strong>:Cadre<\/li>\n<li>\n<strong>Origine<\/strong>:Shanghai<\/li>\n<li>\n<strong>mod\u00e8le<\/strong>:Art<\/li>\n<li>\n<strong>trier par couleur<\/strong>:2000 length 350 depth 400 height 2200 length 350 depth 400 height 2400 length 350 depth 400 height 2000 length 350 depth 400 high wall hanging 2200 length 350 depth 400 high wall hanging 2400 length 350 depth 400 high wall hanging Other customized sizes<\/li>\n<\/ul>\n<p><img><\/p>","protected":false},"excerpt":{"rendered":"<p>Marque : Jade Purple Maple Mod\u00e8le : Y0832 Style : Moderne et simple Avec rouleau : non Assemblage : oui Proc\u00e9d\u00e9 de peinture : Peinture Convient aux adultes Longueur : 2,0 m (non inclus) \u2013 2,3 m (inclus)<\/p>","protected":false},"featured_media":145553,"comment_status":"open","ping_status":"closed","template":"","meta":[],"product_brand":[],"product_cat":[30862,30971,30850,30851,30854],"product_tag":[],"class_list":{"0":"post-85975","1":"product","2":"type-product","3":"status-publish","4":"has-post-thumbnail","6":"product_cat-wholesales-hotels","7":"product_cat-hp","8":"product_cat-wholesale-furniture","9":"product_cat-wholesale-cabinets","10":"product_cat-wholesale-side-table","12":"first","13":"instock","14":"taxable","15":"shipping-taxable","16":"purchasable","17":"product-type-variable"},"_links":{"self":[{"href":"https:\/\/nexgendecors.com\/fr\/wp-json\/wp\/v2\/product\/85975","targetHints":{"allow":["GET"]}}],"collection":[{"href":"https:\/\/nexgendecors.com\/fr\/wp-json\/wp\/v2\/product"}],"about":[{"href":"https:\/\/nexgendecors.com\/fr\/wp-json\/wp\/v2\/types\/product"}],"replies":[{"embeddable":true,"href":"https:\/\/nexgendecors.com\/fr\/wp-json\/wp\/v2\/comments?post=85975"}],"version-history":[{"count":0,"href":"https:\/\/nexgendecors.com\/fr\/wp-json\/wp\/v2\/product\/85975\/revisions"}],"wp:featuredmedia":[{"embeddable":true,"href":"https:\/\/nexgendecors.com\/fr\/wp-json\/wp\/v2\/media\/145553"}],"wp:attachment":[{"href":"https:\/\/nexgendecors.com\/fr\/wp-json\/wp\/v2\/media?parent=85975"}],"wp:term":[{"taxonomy":"product_brand","embeddable":true,"href":"https:\/\/nexgendecors.com\/fr\/wp-json\/wp\/v2\/product_brand?post=85975"},{"taxonomy":"product_cat","embeddable":true,"href":"https:\/\/nexgendecors.com\/fr\/wp-json\/wp\/v2\/product_cat?post=85975"},{"taxonomy":"product_tag","embeddable":true,"href":"https:\/\/nexgendecors.com\/fr\/wp-json\/wp\/v2\/product_tag?post=85975"}],"curies":[{"name":"wp","href":"https:\/\/api.w.org\/{rel}","templated":true}]}}