{"id":86121,"date":"2025-01-26T03:54:31","date_gmt":"2025-01-26T03:54:31","guid":{"rendered":"https:\/\/nexgendecors.com\/product\/cotton-hand-woven-floor-mat-tassel-ethnic-style-moroccan-three-dimensional-muscle-strength-long-bedside-carpet-nordic-household\/"},"modified":"2025-04-06T09:47:06","modified_gmt":"2025-04-06T09:47:06","slug":"cotton-hand-woven-floor-mat-tassel-ethnic-style-moroccan-three-dimensional-muscle-strength-long-bedside-carpet-nordic-household","status":"publish","type":"product","link":"https:\/\/nexgendecors.com\/fr\/product\/cotton-hand-woven-floor-mat-tassel-ethnic-style-moroccan-three-dimensional-muscle-strength-long-bedside-carpet-nordic-household\/","title":{"rendered":"Tapis marocain \u00e0 pompons tiss\u00e9 \u00e0 la main lavable"},"content":{"rendered":"<p><strong>Description<\/strong>\u00a0<\/p>\n<div class=\"product-block            product-block--description\"><\/p>\n<div class=\"description\">\n<ul class=\"a-unordered-list a-vertical a-spacing-mini\">\n<li><span class=\"a-list-item\">Classic Design: Cotton tribal rugs designed with geometric tribal patterns and extra snazzy knotted fringe tassels on each side which make them seem simple. Black and cream white color that will make it never go out of style and long time stay on the floor and also match all themed room decor.<\/span><\/li>\n<\/ul>\n<ul class=\"a-unordered-list a-vertical a-spacing-mini\">\n<li><span class=\"a-list-item\">Durable Bohe Rugs: Our cotton bohemian rug well made by 100% Cotton material.Great water absorption, protect your floors from stains and scratches, give soft and breathable touch when people walk on them.<\/span><\/li>\n<\/ul>\n<ul class=\"a-unordered-list a-vertical a-spacing-mini\">\n<li><span class=\"a-list-item\">Wash Instructions &#8211; In order to protect the cotton carpet, it should be washed in water no more than 30\u2103 and in a gentle way.Avoid long time soaking. Its better to wash the rug after several days use to protect the printed pattern. Do not bleach. Do not use brush to wash. Lay flat to dry. Machine Wash in a mesh bag \/ Hand Wash\/spot clean for easy care.<\/span><\/li>\n<\/ul>\n<\/div>\n<\/div>","protected":false},"excerpt":{"rendered":"<p>Description Design classique : Tapis tribaux en coton con\u00e7us avec des motifs tribaux g\u00e9om\u00e9triques et des franges nou\u00e9es extra-\u00e9l\u00e9gantes de chaque c\u00f4t\u00e9<\/p>","protected":false},"featured_media":145689,"comment_status":"open","ping_status":"closed","template":"","meta":[],"product_brand":[],"product_cat":[30823,30971],"product_tag":[12259,12260],"class_list":{"0":"post-86121","1":"product","2":"type-product","3":"status-publish","4":"has-post-thumbnail","6":"product_cat-cushions-throuws","7":"product_cat-hp","8":"product_tag-_wf_cus","9":"product_tag-_wf_exc","11":"first","12":"instock","13":"sale","14":"taxable","15":"shipping-taxable","16":"purchasable","17":"product-type-variable"},"_links":{"self":[{"href":"https:\/\/nexgendecors.com\/fr\/wp-json\/wp\/v2\/product\/86121","targetHints":{"allow":["GET"]}}],"collection":[{"href":"https:\/\/nexgendecors.com\/fr\/wp-json\/wp\/v2\/product"}],"about":[{"href":"https:\/\/nexgendecors.com\/fr\/wp-json\/wp\/v2\/types\/product"}],"replies":[{"embeddable":true,"href":"https:\/\/nexgendecors.com\/fr\/wp-json\/wp\/v2\/comments?post=86121"}],"version-history":[{"count":0,"href":"https:\/\/nexgendecors.com\/fr\/wp-json\/wp\/v2\/product\/86121\/revisions"}],"wp:featuredmedia":[{"embeddable":true,"href":"https:\/\/nexgendecors.com\/fr\/wp-json\/wp\/v2\/media\/145689"}],"wp:attachment":[{"href":"https:\/\/nexgendecors.com\/fr\/wp-json\/wp\/v2\/media?parent=86121"}],"wp:term":[{"taxonomy":"product_brand","embeddable":true,"href":"https:\/\/nexgendecors.com\/fr\/wp-json\/wp\/v2\/product_brand?post=86121"},{"taxonomy":"product_cat","embeddable":true,"href":"https:\/\/nexgendecors.com\/fr\/wp-json\/wp\/v2\/product_cat?post=86121"},{"taxonomy":"product_tag","embeddable":true,"href":"https:\/\/nexgendecors.com\/fr\/wp-json\/wp\/v2\/product_tag?post=86121"}],"curies":[{"name":"wp","href":"https:\/\/api.w.org\/{rel}","templated":true}]}}