{"id":86234,"date":"2025-01-26T03:54:46","date_gmt":"2025-01-26T03:54:46","guid":{"rendered":"https:\/\/nexgendecors.com\/product\/waterproof-outdoor-picnic-blanket-for-family-friends-and-kids1706363437212\/"},"modified":"2025-04-06T09:47:09","modified_gmt":"2025-04-06T09:47:09","slug":"couverture-de-pique-nique-impermeable-pour-la-famille-les-amis-et-les-enfants1706363437212","status":"publish","type":"product","link":"https:\/\/nexgendecors.com\/fr\/product\/couverture-de-pique-nique-impermeable-pour-la-famille-les-amis-et-les-enfants1706363437212\/","title":{"rendered":"Couverture de pique-nique ext\u00e9rieure imperm\u00e9able pour s&#039;amuser en famille"},"content":{"rendered":"<p><strong>Description du produit :<\/strong><\/p>\n<p>Salut les amis ! Besoin d&#039;une super couverture de pique-nique, id\u00e9ale pour se d\u00e9tendre en groupe, en famille ou m\u00eame en solo ? Ne cherchez plus, nous avons ce qu&#039;il vous faut avec notre couverture de pique-nique imperm\u00e9able. Cette couverture est con\u00e7ue pour tous les amoureux de la plage et les amateurs de pique-nique. Fabriqu\u00e9e dans un m\u00e9lange de coton \u00e0 la fois confortable et r\u00e9sistant, elle est fabriqu\u00e9e \u00e0 la machine pour une qualit\u00e9 irr\u00e9prochable, tandis que ses poils courts offrent un confort optimal. De plus, elle est disponible dans un jaune beurre qui \u00e9gayera vos sorties en plein air. Que vous soyez \u00e0 la plage ou en pique-nique au parc, cette couverture est l&#039;accessoire indispensable pour toutes vos aventures en plein air. <\/p>\n<p><strong>Points cl\u00e9s :<\/strong><\/p>\n<ul>\n<li>\n<p>[Protection imperm\u00e9able contre les incendies directs] \ud83d\udca6 : Ne vous inqui\u00e9tez plus des \u00e9claboussures ou de l&#039;herbe mouill\u00e9e avec notre couverture de pique-nique imperm\u00e9able. Elle est con\u00e7ue pour vous prot\u00e9ger <em>sec comme un d\u00e9sert<\/em> et vous prot\u00e8ge des \u00e9ventuels accidents li\u00e9s \u00e0 l&#039;eau. Vous pouvez vous asseoir librement sur des surfaces humides sans craindre d&#039;\u00eatre tremp\u00e9. Un v\u00e9ritable atout pour vos sorties en ext\u00e9rieur\u00a0!<\/p>\n<\/li>\n<li>\n<p>[Anti-sable et portable] \ud83c\udfd6\ufe0f : Imaginez : vous vous d\u00e9tendez sur la plage, profitant du soleil, quand soudain une rafale de vent fait voler du sable partout. G\u00e2che-l&#039;ambiance, non ? Pas avec notre couverture de pique-nique ! Sp\u00e9cialement con\u00e7ue pour r\u00e9sister au sable, elle vous permet de l&#039;enlever comme un pro. De plus, elle est l\u00e9g\u00e8re et portable, ce qui la rend facile \u00e0 transporter. O\u00f9 que vous alliez, cette couverture vous prot\u00e8ge !<\/p>\n<\/li>\n<li>\n<p>[Durable et durable] \ud83d\udcaa : Nous savons combien il est important d&#039;investir dans des produits de qualit\u00e9 qui r\u00e9sisteront \u00e0 l&#039;\u00e9preuve du temps. C&#039;est pourquoi notre couverture de pique-nique est con\u00e7ue pour durer. Fabriqu\u00e9e \u00e0 la machine et compos\u00e9e de mat\u00e9riaux haut de gamme, elle est con\u00e7ue pour durer et vous accompagnera pendant des ann\u00e9es. Ne vous souciez plus de l&#039;usure : cette couverture est l\u00e0 pour durer !<\/p>\n<\/li>\n<li>\n<p>[Polyvalent et \u00e9l\u00e9gant] \u2728 : Qui a dit que les v\u00eatements de plein air ne pouvaient pas \u00eatre styl\u00e9s ? Notre couverture de pique-nique brise tous les st\u00e9r\u00e9otypes avec son large motif \u00e0 rayures jaunes et son design tendance. C&#039;est l&#039;accessoire id\u00e9al pour sublimer votre style ext\u00e9rieur et afficher votre style unique. Que vous pique-niquiez, vous d\u00e9tendiez \u00e0 la plage ou que vous vous d\u00e9tendiez simplement dans votre jardin, cette couverture fera tourner les t\u00eates et vous donnera un look \u00e9l\u00e9gant.<\/p>\n<\/li>\n<li>\n<p>[Entretien facile] \ud83e\uddfa : On vous l&#039;a bien compris, personne n&#039;a envie de passer des heures \u00e0 nettoyer apr\u00e8s une journ\u00e9e de plein air. C&#039;est pourquoi notre couverture de pique-nique imperm\u00e9able est lavable en machine. Oui, vous avez bien entendu : il suffit de la mettre en machine et elle sera comme neuve. Pas de soucis, pas de stress. Concentrez-vous simplement sur vos aventures en plein air pendant que nous nous occupons du nettoyage.<\/p>\n<\/li>\n<\/ul>\n<p><strong>Sp\u00e9cifications du produit :<\/strong><\/p>\n<table>\n<thead>\n<tr>\n<th>Sp\u00e9cification<\/th>\n<th>D\u00e9tails<\/th>\n<\/tr>\n<\/thead>\n<tbody>\n<tr>\n<td>Marque<\/td>\n<td>G BON GAIN<\/td>\n<\/tr>\n<tr>\n<td>Taille<\/td>\n<td>78*57 pouces<\/td>\n<\/tr>\n<tr>\n<td>Mat\u00e9riel<\/td>\n<td>M\u00e9lange de coton<\/td>\n<\/tr>\n<tr>\n<td>Type de tissage<\/td>\n<td>Fait \u00e0 la machine<\/td>\n<\/tr>\n<tr>\n<td>Poids de l&#039;article<\/td>\n<td>1,8 livres<\/td>\n<\/tr>\n<tr>\n<td>Hauteur des poils<\/td>\n<td>Faible<\/td>\n<\/tr>\n<tr>\n<td>Type de construction<\/td>\n<td>Fait \u00e0 la machine<\/td>\n<\/tr>\n<tr>\n<td>Type de mat\u00e9riau du dos<\/td>\n<td>Polyester<\/td>\n<\/tr>\n<tr>\n<td>Couleur<\/td>\n<td>Beurre jaune<\/td>\n<\/tr>\n<tr>\n<td>Utilisation int\u00e9rieure\/ext\u00e9rieure<\/td>\n<td>De plein air<\/td>\n<\/tr>\n<tr>\n<td>Th\u00e8me<\/td>\n<td>Plage, plaisir<\/td>\n<\/tr>\n<tr>\n<td>Est r\u00e9sistant aux taches<\/td>\n<td>Oui<\/td>\n<\/tr>\n<tr>\n<td>Instructions d&#039;entretien du produit<\/td>\n<td>Lavage en machine<\/td>\n<\/tr>\n<tr>\n<td>Mod\u00e8le<\/td>\n<td>Large bande jaune<\/td>\n<\/tr>\n<tr>\n<td>Forme<\/td>\n<td>Rectangulaire<\/td>\n<\/tr>\n<tr>\n<td>Dossier sp\u00e9cial<\/td>\n<td>R\u00e9sistant au sable, portable, imperm\u00e9able, l\u00e9ger, durable<\/td>\n<\/tr>\n<tr>\n<td>Dimensions du produit<\/td>\n<td>78\u2033L x 57\u2033W<\/td>\n<\/tr>\n<tr>\n<td>Type de forme de tapis<\/td>\n<td>Couverture de pique-nique<\/td>\n<\/tr>\n<tr>\n<td>Style<\/td>\n<td>Pays<\/td>\n<\/tr>\n<tr>\n<td>Occasion<\/td>\n<td>Plage, pique-nique, int\u00e9rieur<\/td>\n<\/tr>\n<tr>\n<td>Nombre de pi\u00e8ces<\/td>\n<td>1<\/td>\n<\/tr>\n<tr>\n<td>Niveau de r\u00e9sistance \u00e0 l&#039;eau<\/td>\n<td>\u00c9tanche<\/td>\n<\/tr>\n<tr>\n<td>Poids de l&#039;article<\/td>\n<td>1,8 livres<\/td>\n<\/tr>\n<tr>\n<td>Fabricant<\/td>\n<td>G BON GAIN<\/td>\n<\/tr>\n<tr>\n<td>ASIN<\/td>\n<td>B088WMML4L<\/td>\n<\/tr>\n<tr>\n<td>Pays d&#039;origine<\/td>\n<td>Confettis \u00e9clat\u00e9s<\/td>\n<\/tr>\n<\/tbody>\n<\/table>\n<p><strong>Pourquoi acheter ceci ?<\/strong><\/p>\n<p>Allez, les amis, vous savez qu&#039;il vous faut cette couverture de pique-nique imperm\u00e9able. Voici pourquoi vous ne pouvez absolument pas passer \u00e0 c\u00f4t\u00e9 de cet achat\u00a0:<\/p>\n<ul>\n<li>\n<p>Restez au sec et sans souci gr\u00e2ce \u00e0 sa protection imperm\u00e9able. Dites adieu aux situations humides et profitez de sorties en plein air sans stress.<\/p>\n<\/li>\n<li>\n<p>Faites l&#039;envie de tous vos amis gr\u00e2ce \u00e0 sa conception portable et r\u00e9sistante au sable. D\u00e9barrassez-vous du sable comme un pro et emportez cette couverture partout avec vous. #BeachBabeGoals<\/p>\n<\/li>\n<li>\n<p>Investissez dans un essentiel de plein air durable et r\u00e9sistant. Gr\u00e2ce \u00e0 sa conception et \u00e0 ses mat\u00e9riaux haut de gamme, cette couverture sera votre fid\u00e8le compagnon pour toutes vos aventures en plein air.<\/p>\n<\/li>\n<li>\n<p>Rehaussez votre style gr\u00e2ce \u00e0 son design polyvalent et tendance. Qui a dit que les v\u00eatements de plein air ne pouvaient pas \u00eatre styl\u00e9s\u00a0? Affichez votre style unique en profitant du soleil.<\/p>\n<\/li>\n<li>\n<p>Facile \u00e0 entretenir gr\u00e2ce \u00e0 son lavage en machine facile. Passez moins de temps \u00e0 nettoyer et plus de temps \u00e0 profiter du grand air. C&#039;est gagnant-gagnant\u00a0!<\/p>\n<\/li>\n<\/ul>\n<p>Alors, qu&#039;attendez-vous ? Rassemblez vos amis, pr\u00e9parez des en-cas et laissez cette couverture de pique-nique imperm\u00e9able transformer vos sorties en plein air. Pr\u00e9parez-vous \u00e0 des souvenirs m\u00e9morables et \u00e0 une ambiance relaxante !<\/p>\n<div>Marque : G GOOD GAIN<\/div>\n<div>Taille : 78*57 pouces<\/div>\n<div>Mati\u00e8re : m\u00e9lange de coton<\/div>\n<div>Type de tissage : fabriqu\u00e9 \u00e0 la machine<\/div>\n<div>Poids de l&#039;article : 1,8 livre<\/div>\n<div>Hauteur des poils : poils courts<\/div>\n<div>Type de construction : Fabriqu\u00e9 \u00e0 la machine<\/div>\n<div>Type de mat\u00e9riau du dos : polyester<\/div>\n<div>Couleur : jaune beurre<\/div>\n<div>Utilisation int\u00e9rieure\/ext\u00e9rieure : Ext\u00e9rieur<\/div>\n<div>Th\u00e8me : Plage, Amusement<\/div>\n<div>R\u00e9sistant aux taches : Oui<\/div>\n<div>Conseils d&#039;entretien du produit : lavage en machine<\/div>\n<div>Motif : large bande jaune<\/div>\n<div>Forme : rectangulaire<\/div>\n<div>Caract\u00e9ristiques sp\u00e9ciales : r\u00e9sistant au sable, portable, \u00e9tanche, l\u00e9ger, durable<\/div>\n<div>Dimensions du produit : 78\u2033 L x 57\u2033 l<\/div>\n<div>Type de tapis : couverture de pique-nique<\/div>\n<div>Style : Country<\/div>\n<div>Occasion : plage, pique-nique, int\u00e9rieur<\/div>\n<div>Nombre de pi\u00e8ces : 1<\/div>\n<div>Niveau de r\u00e9sistance \u00e0 l&#039;eau : \u00c9tanche<\/div>\n<div>Poids de l&#039;article : 1,8 livre<\/div>\n<div>Fabricant : G GOOD GAIN<\/div>\n<div>ASIN\u00a0: B088WMML4L<\/div>\n<div>Pays d&#039;origine : Chine<\/div>\n<div>Num\u00e9ro de mod\u00e8le de l&#039;article\u00a0: PR19-033GA - large bande jaune<\/div>\n<div>Avis clients\u00a0: 4,6 4,6 sur 5 \u00e9toiles 2\u00a0700 \u00e9valuations 4,6 sur 5 \u00e9toiles<\/div>\n<div>Classement des meilleures ventes\u00a0: #1\u00a0991 dans la cat\u00e9gorie Patio, pelouse et jardin (voir le top 100 dans la cat\u00e9gorie Patio, pelouse et jardin) #3 dans la cat\u00e9gorie Couvertures de pique-nique<\/div>\n<div>  <\/div>\n<div>  <\/div>\n<p>Portable : Pliable et l\u00e9g\u00e8re \u00e0 transporter, elle se plie facilement \u00e0 la taille souhait\u00e9e. Facile \u00e0 enrouler gr\u00e2ce \u00e0 la sangle, elle se glisse facilement dans le coffre de la voiture lorsqu&#039;elle n&#039;est pas utilis\u00e9e. Tr\u00e8s grande taille : Une fois ouverte, elle mesure 198 x 145 cm, vous permettant, en famille ou entre amis, de profiter du charme de la nature. Imperm\u00e9able et r\u00e9sistant au sable : Ce tapis de pique-nique est enti\u00e8rement imperm\u00e9able et r\u00e9sistant au sable, vous prot\u00e9geant du sable, de la salet\u00e9, de l&#039;herbe mouill\u00e9e ou m\u00eame des terrains de camping sales. C&#039;est l&#039;accessoire indispensable pour toutes vos activit\u00e9s de plein air, que ce soit \u00e0 la plage, au parc, sur les march\u00e9s de producteurs, lors d&#039;un concert ou tout simplement dans votre jardin. Que vous partiez camper, \u00e0 la plage ou que vous passiez du temps en plein air, seul ou en famille ou entre amis, vous aurez besoin d&#039;un si\u00e8ge confortable pour vous d\u00e9tendre. Notre couverture de pique-nique est le choix id\u00e9al. Facile \u00e0 d\u00e9rouler, \u00e0 enrouler et \u00e0 transporter : Gr\u00e2ce \u00e0 sa grande taille, la couverture offre suffisamment d&#039;espace pour quatre personnes pour d\u00eener confortablement ou deux ou trois pour se d\u00e9tendre. Choisissez simplement votre endroit pr\u00e9f\u00e9r\u00e9, d\u00e9tachez les boucles et d\u00e9roulez votre couverture pour offrir une surface douce et confortable sur laquelle vous d\u00e9tendre. <\/p>","protected":false},"excerpt":{"rendered":"<p>Description du produit : Eh, \u00e9coutez bien ! Besoin d&#039;une couverture de pique-nique d&#039;ext\u00e9rieur g\u00e9niale, parfaite pour se d\u00e9tendre avec votre \u00e9quipe, votre famille,<\/p>","protected":false},"featured_media":145807,"comment_status":"open","ping_status":"closed","template":"","meta":[],"product_brand":[],"product_cat":[30818,30971],"product_tag":[5971],"class_list":{"0":"post-86234","1":"product","2":"type-product","3":"status-publish","4":"has-post-thumbnail","6":"product_cat-camping-furniture","7":"product_cat-hp","8":"product_tag-usa","10":"first","11":"instock","12":"sale","13":"taxable","14":"shipping-taxable","15":"purchasable","16":"product-type-variable"},"_links":{"self":[{"href":"https:\/\/nexgendecors.com\/fr\/wp-json\/wp\/v2\/product\/86234","targetHints":{"allow":["GET"]}}],"collection":[{"href":"https:\/\/nexgendecors.com\/fr\/wp-json\/wp\/v2\/product"}],"about":[{"href":"https:\/\/nexgendecors.com\/fr\/wp-json\/wp\/v2\/types\/product"}],"replies":[{"embeddable":true,"href":"https:\/\/nexgendecors.com\/fr\/wp-json\/wp\/v2\/comments?post=86234"}],"version-history":[{"count":0,"href":"https:\/\/nexgendecors.com\/fr\/wp-json\/wp\/v2\/product\/86234\/revisions"}],"wp:featuredmedia":[{"embeddable":true,"href":"https:\/\/nexgendecors.com\/fr\/wp-json\/wp\/v2\/media\/145807"}],"wp:attachment":[{"href":"https:\/\/nexgendecors.com\/fr\/wp-json\/wp\/v2\/media?parent=86234"}],"wp:term":[{"taxonomy":"product_brand","embeddable":true,"href":"https:\/\/nexgendecors.com\/fr\/wp-json\/wp\/v2\/product_brand?post=86234"},{"taxonomy":"product_cat","embeddable":true,"href":"https:\/\/nexgendecors.com\/fr\/wp-json\/wp\/v2\/product_cat?post=86234"},{"taxonomy":"product_tag","embeddable":true,"href":"https:\/\/nexgendecors.com\/fr\/wp-json\/wp\/v2\/product_tag?post=86234"}],"curies":[{"name":"wp","href":"https:\/\/api.w.org\/{rel}","templated":true}]}}