{"id":86273,"date":"2025-01-26T03:54:51","date_gmt":"2025-01-26T03:54:51","guid":{"rendered":"https:\/\/nexgendecors.com\/product\/white-conference-table-long-table-paint-oval-simple-modern-small-light-luxury-nordic-negotiation-table-and-chair-combination-training-table\/"},"modified":"2025-04-06T09:47:15","modified_gmt":"2025-04-06T09:47:15","slug":"white-conference-table-long-table-paint-oval-simple-modern-small-light-luxury-nordic-negotiation-table-and-chair-combination-training-table","status":"publish","type":"product","link":"https:\/\/nexgendecors.com\/fr\/product\/white-conference-table-long-table-paint-oval-simple-modern-small-light-luxury-nordic-negotiation-table-and-chair-combination-training-table\/","title":{"rendered":"Ensemble table de conf\u00e9rence et chaises ovales blanches Nordic"},"content":{"rendered":"<ul>\n<li>\n<strong>marque<\/strong>:Tingyu Furniture<\/li>\n<li>\n<strong>mod\u00e8le<\/strong>:A001-987<\/li>\n<li>\n<strong>Fonction<\/strong>:Removable, other, anti-fouling and dirt-resistant<\/li>\n<li>\n<strong>Mat\u00e9riel<\/strong>:Panneau de densit\u00e9<\/li>\n<li>\n<strong>forme<\/strong>:Ovale<\/li>\n<li>\n<strong>Nombre de personnes applicable<\/strong>:11-15 personnes<\/li>\n<li>\n<strong>trier par couleur<\/strong>:1.8m conference table, 2.0m conference table, 2.2m conference table, 2.4m conference table, 2.6m conference table, 2.8m conference table, 3.0m conference table, 3.2m conference table, 3.4m conference table, 3.6m conference table, color and size can be customized<\/li>\n<li>\n<strong>Est-ce personnalisable ?<\/strong>:Oui<\/li>\n<li>\n<strong>Assembler<\/strong>:Oui<\/li>\n<li>\n<strong>longueur<\/strong>:300cm<\/li>\n<li>\n<strong><\/strong>:<\/li>\n<\/ul>\n<p><img><\/p>","protected":false},"excerpt":{"rendered":"<p>Marque : Tingyu Furniture Mod\u00e8le : A001-987 Fonction : Amovible, autre, antisalissure et r\u00e9sistant \u00e0 la salet\u00e9 Mat\u00e9riau : Panneau de densit\u00e9 Forme : Ovale Nombre de personnes applicable : 11-15 personnes Trier par couleur : Conf\u00e9rence de 1,8 m<\/p>","protected":false},"featured_media":145872,"comment_status":"open","ping_status":"closed","template":"","meta":[],"product_brand":[],"product_cat":[30971,30859],"product_tag":[],"class_list":{"0":"post-86273","1":"product","2":"type-product","3":"status-publish","4":"has-post-thumbnail","6":"product_cat-hp","7":"product_cat-wholesale-office","9":"first","10":"instock","11":"sale","12":"taxable","13":"shipping-taxable","14":"purchasable","15":"product-type-variable"},"_links":{"self":[{"href":"https:\/\/nexgendecors.com\/fr\/wp-json\/wp\/v2\/product\/86273","targetHints":{"allow":["GET"]}}],"collection":[{"href":"https:\/\/nexgendecors.com\/fr\/wp-json\/wp\/v2\/product"}],"about":[{"href":"https:\/\/nexgendecors.com\/fr\/wp-json\/wp\/v2\/types\/product"}],"replies":[{"embeddable":true,"href":"https:\/\/nexgendecors.com\/fr\/wp-json\/wp\/v2\/comments?post=86273"}],"version-history":[{"count":0,"href":"https:\/\/nexgendecors.com\/fr\/wp-json\/wp\/v2\/product\/86273\/revisions"}],"wp:featuredmedia":[{"embeddable":true,"href":"https:\/\/nexgendecors.com\/fr\/wp-json\/wp\/v2\/media\/145872"}],"wp:attachment":[{"href":"https:\/\/nexgendecors.com\/fr\/wp-json\/wp\/v2\/media?parent=86273"}],"wp:term":[{"taxonomy":"product_brand","embeddable":true,"href":"https:\/\/nexgendecors.com\/fr\/wp-json\/wp\/v2\/product_brand?post=86273"},{"taxonomy":"product_cat","embeddable":true,"href":"https:\/\/nexgendecors.com\/fr\/wp-json\/wp\/v2\/product_cat?post=86273"},{"taxonomy":"product_tag","embeddable":true,"href":"https:\/\/nexgendecors.com\/fr\/wp-json\/wp\/v2\/product_tag?post=86273"}],"curies":[{"name":"wp","href":"https:\/\/api.w.org\/{rel}","templated":true}]}}