{"id":86771,"date":"2025-01-26T03:56:30","date_gmt":"2025-01-26T03:56:30","guid":{"rendered":"https:\/\/nexgendecors.com\/product\/woven-single-chair-nordic-modern-simple-home-balcony-outdoor-garden-table-and-chair-rattan-chair-metal-back-dining-chair\/"},"modified":"2025-04-06T09:47:35","modified_gmt":"2025-04-06T09:47:35","slug":"woven-single-chair-nordic-modern-simple-home-balcony-outdoor-garden-table-and-chair-rattan-chair-metal-back-dining-chair","status":"publish","type":"product","link":"https:\/\/nexgendecors.com\/fr\/product\/woven-single-chair-nordic-modern-simple-home-balcony-outdoor-garden-table-and-chair-rattan-chair-metal-back-dining-chair\/","title":{"rendered":"Chaise de salle \u00e0 manger nordique en rotin avec dossier en m\u00e9tal pour l&#039;ext\u00e9rieur"},"content":{"rendered":"<ul>\n<li>\n<strong>marque<\/strong>:COCOKUN HOME<\/li>\n<li>\n<strong>mod\u00e8le<\/strong>:ZR0888<\/li>\n<li>\n<strong>Mat\u00e9riel<\/strong>:plastique<\/li>\n<li>\n<strong>Mati\u00e8re plastique<\/strong>:autre<\/li>\n<li>\n<strong>style<\/strong>:Europe du Nord<\/li>\n<li>\n<strong>\u00e9l\u00e9ments populaires<\/strong>:Metal, special shape, rattan, master design<\/li>\n<li>\n<strong>trier par couleur<\/strong>:White, black, coffee yellow<\/li>\n<li>\n<strong>Hauteur du dossier<\/strong>:125 mm (non inclus) \u2013 800 mm (non inclus)<\/li>\n<li>\n<strong>Est-ce personnalisable ?<\/strong>:Oui<\/li>\n<li>\n<strong>Est-ce rotatif ?<\/strong>:Non<\/li>\n<li>\n<strong>Y a-t-il des mains courantes ?<\/strong>:Oui<\/li>\n<li>\n<strong>Fonctionnalit\u00e9s suppl\u00e9mentaires<\/strong>:D\u00e9montage<\/li>\n<li>\n<strong>Appropri\u00e9<\/strong>:Adultes<\/li>\n<li>\n<strong>Livraison\/installation disponible<\/strong>:Beijing, Chongqing, Shanghai, Tianjin, Shenzhen, Nanjing, Wuxi, Changzhou, Suzhou, Hangzhou, Ningbo, Wenzhou, Jinhua, Taizhou, Fuzhou, Xiamen, Wuhan, Changsha, Guangzhou, Foshan, Dongguan, Guiyang<\/li>\n<li>\n<strong>Origine<\/strong>:Province du Jiangxi<\/li>\n<li>\n<strong>ville<\/strong>:Ganzhou City<\/li>\n<li>\n<strong>Districts et comt\u00e9s<\/strong>:Xinfeng County<\/li>\n<li>\n<strong>Assembler<\/strong>:Oui<\/li>\n<li>\n<strong>volume du colis<\/strong>:0.2<\/li>\n<li>\n<strong>Un taxi est-il disponible pour le transport ?<\/strong>:Oui<\/li>\n<li>\n<strong>Positionnement de style<\/strong>:Style artistique<\/li>\n<li>\n<strong>Instructions d&#039;installation d\u00e9taill\u00e9es<\/strong>:Fournir des instructions d&#039;installation<\/li>\n<\/ul>\n<p><img><\/p>","protected":false},"excerpt":{"rendered":"<p>Marque : COCOKUN HOME Mod\u00e8le : ZR0888 Mat\u00e9riau : plastique Mati\u00e8re plastique : autre Style : Europe du Nord \u00c9l\u00e9ments populaires : m\u00e9tal, forme sp\u00e9ciale, rotin, design ma\u00eetre Trier par couleur : blanc, noir, caf\u00e9<\/p>","protected":false},"featured_media":146673,"comment_status":"open","ping_status":"closed","template":"","meta":[],"product_brand":[],"product_cat":[30855,30862,30971,30856,30860],"product_tag":[],"class_list":{"0":"post-86771","1":"product","2":"type-product","3":"status-publish","4":"has-post-thumbnail","6":"product_cat-wholesale-chairs","7":"product_cat-wholesales-hotels","8":"product_cat-hp","9":"product_cat-outdoor-furniture","10":"product_cat-wholesale-restaurant","12":"first","13":"instock","14":"sale","15":"taxable","16":"shipping-taxable","17":"purchasable","18":"product-type-variable"},"_links":{"self":[{"href":"https:\/\/nexgendecors.com\/fr\/wp-json\/wp\/v2\/product\/86771","targetHints":{"allow":["GET"]}}],"collection":[{"href":"https:\/\/nexgendecors.com\/fr\/wp-json\/wp\/v2\/product"}],"about":[{"href":"https:\/\/nexgendecors.com\/fr\/wp-json\/wp\/v2\/types\/product"}],"replies":[{"embeddable":true,"href":"https:\/\/nexgendecors.com\/fr\/wp-json\/wp\/v2\/comments?post=86771"}],"version-history":[{"count":0,"href":"https:\/\/nexgendecors.com\/fr\/wp-json\/wp\/v2\/product\/86771\/revisions"}],"wp:featuredmedia":[{"embeddable":true,"href":"https:\/\/nexgendecors.com\/fr\/wp-json\/wp\/v2\/media\/146673"}],"wp:attachment":[{"href":"https:\/\/nexgendecors.com\/fr\/wp-json\/wp\/v2\/media?parent=86771"}],"wp:term":[{"taxonomy":"product_brand","embeddable":true,"href":"https:\/\/nexgendecors.com\/fr\/wp-json\/wp\/v2\/product_brand?post=86771"},{"taxonomy":"product_cat","embeddable":true,"href":"https:\/\/nexgendecors.com\/fr\/wp-json\/wp\/v2\/product_cat?post=86771"},{"taxonomy":"product_tag","embeddable":true,"href":"https:\/\/nexgendecors.com\/fr\/wp-json\/wp\/v2\/product_tag?post=86771"}],"curies":[{"name":"wp","href":"https:\/\/api.w.org\/{rel}","templated":true}]}}