{"id":86778,"date":"2025-01-26T03:56:36","date_gmt":"2025-01-26T03:56:36","guid":{"rendered":"https:\/\/nexgendecors.com\/product\/wowoztoys-childrens-pretend-kitchen-toys-wooden-simulation-tools-cooking-girls-wooden-kitchen-utensils-3-6-years-old\/"},"modified":"2025-04-06T09:47:38","modified_gmt":"2025-04-06T09:47:38","slug":"wowoztoys-childrens-pretend-kitchen-toys-wooden-simulation-tools-cooking-girls-wooden-kitchen-utensils-3-6-years-old","status":"publish","type":"product","link":"https:\/\/nexgendecors.com\/fr\/product\/wowoztoys-childrens-pretend-kitchen-toys-wooden-simulation-tools-cooking-girls-wooden-kitchen-utensils-3-6-years-old\/","title":{"rendered":"WowozToys Ensemble de cuisine en bois pour enfants de 3 \u00e0 6 ans"},"content":{"rendered":"<ul>\n<li>\n<strong>marque<\/strong>:wowoztoys<\/li>\n<li>\n<strong>mod\u00e8le<\/strong>:wowoztoys-01<\/li>\n<li>\n<strong>\u00c2ge appropri\u00e9<\/strong>:3 years old, 4 years old, 5 years old, 6 years old<\/li>\n<li>\n<strong>Mat\u00e9riel<\/strong>:Bois<\/li>\n<li>\n<strong>Origine<\/strong>:Chine continentale<\/li>\n<li>\n<strong>province<\/strong>:Province du Zhejiang<\/li>\n<li>\n<strong>ville<\/strong>:Lishui City<\/li>\n<li>\n<strong>Genre applicable<\/strong>:Unisexe<\/li>\n<li>\n<strong>Type de jouet<\/strong>:Simulation kitchen<\/li>\n<li>\n<strong>trier par couleur<\/strong>:wowoztoys kitchen + Qieqiele, large luxury multifunctional kitchen [sound and light model] + Qieqiele, simple kitchen type B + Qieqiele, nunukids beech kitchen + Qieqiele, nunukids refrigerator, nunukids beech kitchen + refrigerator + Qieqiele, Nordic gray and white kitchen + Qieqiele, Nordic gray and white kitchen [heightened model] + Qieqiele, Vienna kitchen + Qieqiele, Vienna refrigerator, Vienna kitchen + refrigerator + Qieqiele, Swedish large kitchen [sound and light model] + Qieqiele, Danish kitchen [sound and light model] + Qieqiele, Danish refrigerator, Danish oven, Danish washing machine + Qieqiele, Danish kitchen + refrigerator + Qieqiele, Danish washing machine + oven + refrigerator + Qieqiele, Danish four-piece set + Qieqiele, cuci milk coffee kitchen + Qieqiele, cuci milk coffee refrigerator, cuci milk coffee washing machine, cuci milk coffee kitchen + refrigerator + Qieqiele, cuci milk coffee kitchen + refrigerator + washing machine + Qieqiele<\/li>\n<li>\n<strong>Applicable age (new version)<\/strong>:3-6 years old<\/li>\n<li>\n<strong><\/strong>:<\/li>\n<\/ul>\n<p><img><\/p>","protected":false},"excerpt":{"rendered":"<p>Marque : wowoztoys Mod\u00e8le : wowoztoys-01 \u00c2ge appropri\u00e9 : 3 ans, 4 ans, 5 ans, 6 ans Mat\u00e9riau : bois Origine : Chine continentale Province : province du Zhejiang<\/p>","protected":false},"featured_media":146682,"comment_status":"open","ping_status":"closed","template":"","meta":[],"product_brand":[],"product_cat":[30899,30971,30849],"product_tag":[],"class_list":{"0":"post-86778","1":"product","2":"type-product","3":"status-publish","4":"has-post-thumbnail","6":"product_cat-bs-kindergarten","7":"product_cat-hp","8":"product_cat-kindergarten-school-furniture","10":"first","11":"instock","12":"taxable","13":"shipping-taxable","14":"purchasable","15":"product-type-variable"},"_links":{"self":[{"href":"https:\/\/nexgendecors.com\/fr\/wp-json\/wp\/v2\/product\/86778","targetHints":{"allow":["GET"]}}],"collection":[{"href":"https:\/\/nexgendecors.com\/fr\/wp-json\/wp\/v2\/product"}],"about":[{"href":"https:\/\/nexgendecors.com\/fr\/wp-json\/wp\/v2\/types\/product"}],"replies":[{"embeddable":true,"href":"https:\/\/nexgendecors.com\/fr\/wp-json\/wp\/v2\/comments?post=86778"}],"version-history":[{"count":0,"href":"https:\/\/nexgendecors.com\/fr\/wp-json\/wp\/v2\/product\/86778\/revisions"}],"wp:featuredmedia":[{"embeddable":true,"href":"https:\/\/nexgendecors.com\/fr\/wp-json\/wp\/v2\/media\/146682"}],"wp:attachment":[{"href":"https:\/\/nexgendecors.com\/fr\/wp-json\/wp\/v2\/media?parent=86778"}],"wp:term":[{"taxonomy":"product_brand","embeddable":true,"href":"https:\/\/nexgendecors.com\/fr\/wp-json\/wp\/v2\/product_brand?post=86778"},{"taxonomy":"product_cat","embeddable":true,"href":"https:\/\/nexgendecors.com\/fr\/wp-json\/wp\/v2\/product_cat?post=86778"},{"taxonomy":"product_tag","embeddable":true,"href":"https:\/\/nexgendecors.com\/fr\/wp-json\/wp\/v2\/product_tag?post=86778"}],"curies":[{"name":"wp","href":"https:\/\/api.w.org\/{rel}","templated":true}]}}