{"id":86910,"date":"2025-01-26T03:56:47","date_gmt":"2025-01-26T03:56:47","guid":{"rendered":"https:\/\/nexgendecors.com\/product\/yanasuo-column-wash-basin-artificial-stone-floor-standing-wash-basin-bathroom-sink-integrated-column-basin-2\/"},"modified":"2025-04-06T09:47:41","modified_gmt":"2025-04-06T09:47:41","slug":"yanasuo-column-wash-basin-artificial-stone-floor-standing-wash-basin-bathroom-sink-integrated-column-basin-2","status":"publish","type":"product","link":"https:\/\/nexgendecors.com\/fr\/product\/yanasuo-column-wash-basin-artificial-stone-floor-standing-wash-basin-bathroom-sink-integrated-column-basin-2\/","title":{"rendered":"Lavabo sur pied en pierre artificielle Yanasuo"},"content":{"rendered":"<ul>\n<li>\n<strong>marque<\/strong>:YANASO\/Yanaso (mat\u00e9riau principal de la d\u00e9coration de la maison)<\/li>\n<li>\n<strong>mod\u00e8le<\/strong>:YNS-2601<\/li>\n<li>\n<strong>Mat\u00e9riel<\/strong>:Autre<\/li>\n<li>\n<strong>Origine<\/strong>:Chine continentale<\/li>\n<li>\n<strong>province<\/strong>:Province du Guangdong<\/li>\n<li>\n<strong>ville<\/strong>:Huizhou<\/li>\n<li>\n<strong>trier par couleur<\/strong>:A-white matte 400x400x900mm A-white gloss 400x400x900mm A-outer black and inner white matte 400x400x900mm A-grey matte 400x400x900mm A-black matte 400x400x900mm B-white matte 450x400x900mm B-white gloss 450x400x900mm B-outer black and inner white matte 450x400x900mm B-grey matte 450x400x900mm B-black matte 450x400x900mm C-white matte 500x400x900mm C-white gloss 500x400x900mm C-outer black and inner white matte 500x400x900mm C-grey matte 500x400x900mm C-black matte 500x400x900mm D-white matte 550x400x900mm D-white gloss 550x400x900mm D-outer black and inner white matte 550x400x900mm D-grey matte 550x400x900mm D-black matte 550x400x900mm E-white matte 600x400x900mm E-white gloss 600x400x900mm E-outer black and inner white matte 600x400x900mm E-grey matte 600x400x900mm E-black matte 600x400x900mm Customized color<\/li>\n<li>\n<strong>Service en ville<\/strong>:Livraison porte-\u00e0-porte logistique intra-urbaine<\/li>\n<li>\n<strong>Ouverture du robinet<\/strong>:Non poreux<\/li>\n<li>\n<strong><\/strong>:<\/li>\n<\/ul>\n<p><img><\/p>","protected":false},"excerpt":{"rendered":"<p>Marque : YANASO\/Yanaso (mat\u00e9riau principal de d\u00e9coration int\u00e9rieure) Mod\u00e8le : YNS-2601 Mat\u00e9riau : Autre Origine : Chine continentale Province : Province du Guangdong Ville : Huizhou Trier par couleur : A-blanc mat 400x400x900mm A-blanc brillant 400x400x900mm<\/p>","protected":false},"featured_media":146743,"comment_status":"open","ping_status":"closed","template":"","meta":[],"product_brand":[],"product_cat":[30971,30880],"product_tag":[],"class_list":{"0":"post-86910","1":"product","2":"type-product","3":"status-publish","4":"has-post-thumbnail","6":"product_cat-hp","7":"product_cat-wholesales-bathroom-sink","9":"first","10":"instock","11":"taxable","12":"shipping-taxable","13":"purchasable","14":"product-type-variable"},"_links":{"self":[{"href":"https:\/\/nexgendecors.com\/fr\/wp-json\/wp\/v2\/product\/86910","targetHints":{"allow":["GET"]}}],"collection":[{"href":"https:\/\/nexgendecors.com\/fr\/wp-json\/wp\/v2\/product"}],"about":[{"href":"https:\/\/nexgendecors.com\/fr\/wp-json\/wp\/v2\/types\/product"}],"replies":[{"embeddable":true,"href":"https:\/\/nexgendecors.com\/fr\/wp-json\/wp\/v2\/comments?post=86910"}],"version-history":[{"count":0,"href":"https:\/\/nexgendecors.com\/fr\/wp-json\/wp\/v2\/product\/86910\/revisions"}],"wp:featuredmedia":[{"embeddable":true,"href":"https:\/\/nexgendecors.com\/fr\/wp-json\/wp\/v2\/media\/146743"}],"wp:attachment":[{"href":"https:\/\/nexgendecors.com\/fr\/wp-json\/wp\/v2\/media?parent=86910"}],"wp:term":[{"taxonomy":"product_brand","embeddable":true,"href":"https:\/\/nexgendecors.com\/fr\/wp-json\/wp\/v2\/product_brand?post=86910"},{"taxonomy":"product_cat","embeddable":true,"href":"https:\/\/nexgendecors.com\/fr\/wp-json\/wp\/v2\/product_cat?post=86910"},{"taxonomy":"product_tag","embeddable":true,"href":"https:\/\/nexgendecors.com\/fr\/wp-json\/wp\/v2\/product_tag?post=86910"}],"curies":[{"name":"wp","href":"https:\/\/api.w.org\/{rel}","templated":true}]}}