{"id":87429,"date":"2025-01-26T03:57:25","date_gmt":"2025-01-26T03:57:25","guid":{"rendered":"https:\/\/nexgendecors.com\/product\/yanasuo-wash-basin-round-artificial-stone-pedestal-basin-floor-standing-wash-basin-integrated-hotel-bathroom-basin-2\/"},"modified":"2025-03-09T13:05:15","modified_gmt":"2025-03-09T13:05:15","slug":"yanasuo-wash-basin-round-artificial-stone-pedestal-basin-floor-standing-wash-basin-integrated-hotel-bathroom-basin-2","status":"publish","type":"product","link":"https:\/\/nexgendecors.com\/fr\/product\/yanasuo-wash-basin-round-artificial-stone-pedestal-basin-floor-standing-wash-basin-integrated-hotel-bathroom-basin-2\/","title":{"rendered":"Vasque ronde sur pied en pierre artificielle Yanasuo"},"content":{"rendered":"<ul>\n<li>\n<strong>marque<\/strong>:YANASO\/Yanaso (mat\u00e9riau principal de la d\u00e9coration de la maison)<\/li>\n<li>\n<strong>mod\u00e8le<\/strong>:YNS2012<\/li>\n<li>\n<strong>Mat\u00e9riel<\/strong>:Autre<\/li>\n<li>\n<strong>Origine<\/strong>:Chine continentale<\/li>\n<li>\n<strong>province<\/strong>:Province du Guangdong<\/li>\n<li>\n<strong>ville<\/strong>:Huizhou<\/li>\n<li>\n<strong>trier par couleur<\/strong>:A-matte white 400*400*900mm A-gloss white 400*400*900mm A-matte outer black and inner white 400*400*900mm A-matte black 400*400*900mm A-matte gray 400*400*900mm A-orange 400*400*900mm B-matte white 450*450*900mm B-gloss white 450*450*900mm B-matte outer black and inner white 450*450*900mm B-matte black 450*450*900mm B-matte gray 450*450*900mm B-orange 450*450*900mm Customized color<\/li>\n<li>\n<strong>Service en ville<\/strong>:Livraison porte-\u00e0-porte logistique intra-urbaine<\/li>\n<li>\n<strong>Ouverture du robinet<\/strong>:Non poreux<\/li>\n<li>\n<strong><\/strong>:<\/li>\n<\/ul>\n<p><img><\/p>","protected":false},"excerpt":{"rendered":"<p>Marque : YANASO\/Yanaso (mat\u00e9riau principal de d\u00e9coration int\u00e9rieure) Mod\u00e8le : YNS2012 Mat\u00e9riau : Autre Origine : Chine continentale Province : Province du Guangdong Ville : Huizhou Trier par couleur : A-blanc mat 400*400*900mm A-blanc brillant 400*400*900mm<\/p>","protected":false},"featured_media":146862,"comment_status":"open","ping_status":"closed","template":"","meta":[],"product_brand":[],"product_cat":[30971,30880],"product_tag":[],"class_list":{"0":"post-87429","1":"product","2":"type-product","3":"status-publish","4":"has-post-thumbnail","6":"product_cat-hp","7":"product_cat-wholesales-bathroom-sink","9":"first","10":"instock","11":"taxable","12":"shipping-taxable","13":"purchasable","14":"product-type-variable"},"_links":{"self":[{"href":"https:\/\/nexgendecors.com\/fr\/wp-json\/wp\/v2\/product\/87429","targetHints":{"allow":["GET"]}}],"collection":[{"href":"https:\/\/nexgendecors.com\/fr\/wp-json\/wp\/v2\/product"}],"about":[{"href":"https:\/\/nexgendecors.com\/fr\/wp-json\/wp\/v2\/types\/product"}],"replies":[{"embeddable":true,"href":"https:\/\/nexgendecors.com\/fr\/wp-json\/wp\/v2\/comments?post=87429"}],"version-history":[{"count":0,"href":"https:\/\/nexgendecors.com\/fr\/wp-json\/wp\/v2\/product\/87429\/revisions"}],"wp:featuredmedia":[{"embeddable":true,"href":"https:\/\/nexgendecors.com\/fr\/wp-json\/wp\/v2\/media\/146862"}],"wp:attachment":[{"href":"https:\/\/nexgendecors.com\/fr\/wp-json\/wp\/v2\/media?parent=87429"}],"wp:term":[{"taxonomy":"product_brand","embeddable":true,"href":"https:\/\/nexgendecors.com\/fr\/wp-json\/wp\/v2\/product_brand?post=87429"},{"taxonomy":"product_cat","embeddable":true,"href":"https:\/\/nexgendecors.com\/fr\/wp-json\/wp\/v2\/product_cat?post=87429"},{"taxonomy":"product_tag","embeddable":true,"href":"https:\/\/nexgendecors.com\/fr\/wp-json\/wp\/v2\/product_tag?post=87429"}],"curies":[{"name":"wp","href":"https:\/\/api.w.org\/{rel}","templated":true}]}}