{"id":87459,"date":"2025-01-26T03:57:36","date_gmt":"2025-01-26T03:57:36","guid":{"rendered":"https:\/\/nexgendecors.com\/product\/yichaojiang-piano-key-leather-sofa-first-layer-cowhide-combination-italian-minimalist-large-flat-living-room-2024-new\/"},"modified":"2025-04-06T09:47:51","modified_gmt":"2025-04-06T09:47:51","slug":"yichaojiang-piano-key-leather-sofa-first-layer-cowhide-combination-italian-minimalist-large-flat-living-room-2024-new","status":"publish","type":"product","link":"https:\/\/nexgendecors.com\/fr\/product\/yichaojiang-piano-key-leather-sofa-first-layer-cowhide-combination-italian-minimalist-large-flat-living-room-2024-new\/","title":{"rendered":"Canap\u00e9 en cuir minimaliste italien Yichaojiang \u2013 Premi\u00e8re couche de cuir de vache"},"content":{"rendered":"<ul>\n<li>\n<strong>marque<\/strong>:Artisan de tendance artistique<\/li>\n<li>\n<strong>mod\u00e8le<\/strong>:Piano keys inline<\/li>\n<li>\n<strong>Mati\u00e8re cuir<\/strong>:Couche sup\u00e9rieure de cuir de vache<\/li>\n<li>\n<strong>style<\/strong>:Minimalisme italien<\/li>\n<li>\n<strong>taille<\/strong>:272x106x62cm 292x106x62cm 312x106x62cm 332x106x62cm 372x106x62cm 332x186x62cm 372x226x62cm 412x226x62cm<\/li>\n<li>\n<strong>Assembler<\/strong>:Non<\/li>\n<li>\n<strong>Appropri\u00e9<\/strong>:Adultes<\/li>\n<li>\n<strong>volume du colis<\/strong>:2<\/li>\n<li>\n<strong>Remplissage<\/strong>:\u00c9ponge \u00e0 haute r\u00e9silience<\/li>\n<li>\n<strong>Est-ce personnalisable ?<\/strong>:Oui<\/li>\n<li>\n<strong>Combinaison de canap\u00e9<\/strong>:One-line<\/li>\n<li>\n<strong>Mat\u00e9riel<\/strong>:Pin<\/li>\n<li>\n<strong>Nombre de personnes applicable<\/strong>:combinaison<\/li>\n<li>\n<strong>Gamme de finitions en cuir<\/strong>:Surface de contact<\/li>\n<li>\n<strong>trier par couleur<\/strong>:First layer of leather [Fashion Edition] Contact surface leather + 45D high resilience sponge + manganese steel spring + solid wood bottom frame 30% of users choose first layer of leather [Deluxe Edition] Contact surface leather + washed latex + 45D high resilience sponge + manganese steel spring + gray titanium bottom frame 70% of users choose first layer of leather [Ultimate Edition] Full leather + washed latex + 45D high resilience sponge + manganese steel spring + gray titanium bottom frame 70% of users choose [Support customized color and size] [Middle cabinet 500 yuan]<\/li>\n<li>\n<strong><\/strong>:<\/li>\n<\/ul>\n<p><img><\/p>","protected":false},"excerpt":{"rendered":"<p>Marque : Art Trend Craftsman Mod\u00e8le : Touches de piano en ligne Mat\u00e9riau du cuir : Couche sup\u00e9rieure en cuir de vache Style : Minimalisme italien Taille : 272x106x62cm 292x106x62cm 312x106x62cm 332x106x62cm 372x106x62cm 332x186x62cm 372x226x62cm<\/p>","protected":false},"featured_media":146922,"comment_status":"open","ping_status":"closed","template":"","meta":[],"product_brand":[],"product_cat":[30971,30850],"product_tag":[],"class_list":{"0":"post-87459","1":"product","2":"type-product","3":"status-publish","4":"has-post-thumbnail","6":"product_cat-hp","7":"product_cat-wholesale-furniture","9":"first","10":"instock","11":"taxable","12":"shipping-taxable","13":"purchasable","14":"product-type-simple"},"_links":{"self":[{"href":"https:\/\/nexgendecors.com\/fr\/wp-json\/wp\/v2\/product\/87459","targetHints":{"allow":["GET"]}}],"collection":[{"href":"https:\/\/nexgendecors.com\/fr\/wp-json\/wp\/v2\/product"}],"about":[{"href":"https:\/\/nexgendecors.com\/fr\/wp-json\/wp\/v2\/types\/product"}],"replies":[{"embeddable":true,"href":"https:\/\/nexgendecors.com\/fr\/wp-json\/wp\/v2\/comments?post=87459"}],"version-history":[{"count":0,"href":"https:\/\/nexgendecors.com\/fr\/wp-json\/wp\/v2\/product\/87459\/revisions"}],"wp:featuredmedia":[{"embeddable":true,"href":"https:\/\/nexgendecors.com\/fr\/wp-json\/wp\/v2\/media\/146922"}],"wp:attachment":[{"href":"https:\/\/nexgendecors.com\/fr\/wp-json\/wp\/v2\/media?parent=87459"}],"wp:term":[{"taxonomy":"product_brand","embeddable":true,"href":"https:\/\/nexgendecors.com\/fr\/wp-json\/wp\/v2\/product_brand?post=87459"},{"taxonomy":"product_cat","embeddable":true,"href":"https:\/\/nexgendecors.com\/fr\/wp-json\/wp\/v2\/product_cat?post=87459"},{"taxonomy":"product_tag","embeddable":true,"href":"https:\/\/nexgendecors.com\/fr\/wp-json\/wp\/v2\/product_tag?post=87459"}],"curies":[{"name":"wp","href":"https:\/\/api.w.org\/{rel}","templated":true}]}}