{"id":87548,"date":"2025-01-26T03:57:54","date_gmt":"2025-01-26T03:57:54","guid":{"rendered":"https:\/\/nexgendecors.com\/product\/yucai-movable-blackboard-home-teaching-flip-magnetic-blackboard-kindergarten-school-office-training-green-whiteboard\/"},"modified":"2025-03-09T17:59:55","modified_gmt":"2025-03-09T17:59:55","slug":"yucai-movable-blackboard-home-teaching-flip-magnetic-blackboard-kindergarten-school-office-training-green-whiteboard","status":"publish","type":"product","link":"https:\/\/nexgendecors.com\/fr\/product\/yucai-movable-blackboard-home-teaching-flip-magnetic-blackboard-kindergarten-school-office-training-green-whiteboard\/","title":{"rendered":"Tableau noir magn\u00e9tique Yucai pour la maison et l&#039;\u00e9cole"},"content":{"rendered":"<ul>\n<li>\n<strong>marque<\/strong>:Talent Training<\/li>\n<li>\n<strong>mod\u00e8le<\/strong>:YCI-001<\/li>\n<li>\n<strong>Est-ce personnalisable ?<\/strong>:Non<\/li>\n<li>\n<strong>Mat\u00e9riel<\/strong>:Steel<\/li>\n<li>\n<strong>Taille du paquet<\/strong>:150*90*168<\/li>\n<li>\n<strong>Poids du colis<\/strong>:15 kg<\/li>\n<li>\n<strong>trier par couleur<\/strong>:100*68*143 Luxury Magnetic One Side Green and One Side White,120*75*150 Luxury Magnetic One Side Green and One Side White,120*90*159 Luxury Magnetic One Side Green and One Side White,145*85*158 Luxury Magnetic One Side Green and One Side White,150*90*168 Luxury Magnetic One Side Green and One Side White,180*100*175 Luxury Magnetic One Side Green and One Side White,200*100*185 Luxury Magnetic One Side Green and One Side White,200*120*200 Luxury Magnetic One Side Green and One Side White,100*68*143 Luxury Magnetic Double-Sided Green Board,120*75*150 Luxury Magnetic Double-Sided Green Board,120*90*159 Luxury Magnetic Double-Sided Green Board,145*85*158 Luxury Magnetic double-sided green board, 150*90*168 luxury magnetic double-sided green board, 180*100*175 luxury magnetic double-sided green board, 200*100*185 luxury magnetic double-sided green board, 200*120*200 luxury magnetic double-sided green board, 100*68*143 luxury magnetic double-sided white board, 120*75*150 luxury magnetic double-sided white board, 120*90*159 luxury magnetic double-sided white board, 145*85*158 luxury magnetic double-sided white board, 150*90*168 luxury magnetic double-sided white board, 180*100*175 luxury magnetic double-sided white board, 200*100*185 luxury magnetic double-sided white board, 200*120*200 luxury magnetic double-sided white board<\/li>\n<\/ul>\n<p><img><\/p>","protected":false},"excerpt":{"rendered":"<p>Marque : Talent Training Mod\u00e8le : YCI-001 Est-il personnalisable ? : non Mat\u00e9riau : acier Taille du colis : 150*90*168 Poids du colis : 15 kg Trier par couleur : 100*68*143 Magn\u00e9tique de luxe un c\u00f4t\u00e9 vert et<\/p>","protected":false},"featured_media":147030,"comment_status":"open","ping_status":"closed","template":"","meta":[],"product_brand":[],"product_cat":[30971,30849],"product_tag":[],"class_list":{"0":"post-87548","1":"product","2":"type-product","3":"status-publish","4":"has-post-thumbnail","6":"product_cat-hp","7":"product_cat-kindergarten-school-furniture","9":"first","10":"instock","11":"taxable","12":"shipping-taxable","13":"purchasable","14":"product-type-variable"},"_links":{"self":[{"href":"https:\/\/nexgendecors.com\/fr\/wp-json\/wp\/v2\/product\/87548","targetHints":{"allow":["GET"]}}],"collection":[{"href":"https:\/\/nexgendecors.com\/fr\/wp-json\/wp\/v2\/product"}],"about":[{"href":"https:\/\/nexgendecors.com\/fr\/wp-json\/wp\/v2\/types\/product"}],"replies":[{"embeddable":true,"href":"https:\/\/nexgendecors.com\/fr\/wp-json\/wp\/v2\/comments?post=87548"}],"version-history":[{"count":0,"href":"https:\/\/nexgendecors.com\/fr\/wp-json\/wp\/v2\/product\/87548\/revisions"}],"wp:featuredmedia":[{"embeddable":true,"href":"https:\/\/nexgendecors.com\/fr\/wp-json\/wp\/v2\/media\/147030"}],"wp:attachment":[{"href":"https:\/\/nexgendecors.com\/fr\/wp-json\/wp\/v2\/media?parent=87548"}],"wp:term":[{"taxonomy":"product_brand","embeddable":true,"href":"https:\/\/nexgendecors.com\/fr\/wp-json\/wp\/v2\/product_brand?post=87548"},{"taxonomy":"product_cat","embeddable":true,"href":"https:\/\/nexgendecors.com\/fr\/wp-json\/wp\/v2\/product_cat?post=87548"},{"taxonomy":"product_tag","embeddable":true,"href":"https:\/\/nexgendecors.com\/fr\/wp-json\/wp\/v2\/product_tag?post=87548"}],"curies":[{"name":"wp","href":"https:\/\/api.w.org\/{rel}","templated":true}]}}