{"id":88093,"date":"2025-01-26T03:59:03","date_gmt":"2025-01-26T03:59:03","guid":{"rendered":"https:\/\/nexgendecors.com\/product\/bohemian-brown-bed-cotton-four-piece-set-bed-sheet-quilt-cover-fitted-sheet-bed-cover-b-b-1-8m-three-piece-set-skin-friendly-cotton-100-cotton-is-not-easy-to-pilling-and-not-easy-to-fade\/"},"modified":"2025-04-06T09:48:28","modified_gmt":"2025-04-06T09:48:28","slug":"bohemian-brown-bed-cotton-four-piece-set-bed-sheet-quilt-cover-fitted-sheet-bed-cover-b-b-1-8m-three-piece-set-skin-friendly-cotton-100-cotton-is-not-easy-to-pilling-and-not-easy-to-fade","status":"publish","type":"product","link":"https:\/\/nexgendecors.com\/fr\/product\/bohemian-brown-bed-cotton-four-piece-set-bed-sheet-quilt-cover-fitted-sheet-bed-cover-b-b-1-8m-three-piece-set-skin-friendly-cotton-100-cotton-is-not-easy-to-pilling-and-not-easy-to-fade\/","title":{"rendered":"Parure de lit r\u00e9versible en microfibre style boh\u00e8me"},"content":{"rendered":"<p><strong>Description<\/strong><\/p>\n<ul class=\"a-unordered-list a-vertical a-spacing-mini\">\n<li><span class=\"a-list-item\">[Premium Quality \u2013 Soft, Flexible &#038; Easy to Tidy Up] 100% knitted cotton stretch material is an excellent choice for bed sheets. It is comfortable and soft. Being machine-washable and breathable it allows for easy maintenance and a comfy night\u2019s rest.<\/span><\/li>\n<li><span class=\"a-list-item\">The 100% cotton material that is warm, soft, flexible, and breathable for maximum sleep comfort. Tailored from fine quality fabric, the deep fitted sheets double bed sheets are easy to maintain.<\/span><\/li>\n<li><span class=\"a-list-item\">[Always a tidy and clean bed \u2013 No wrinkles No hassle] The need for decadence is just as important as the need for soft, clean sheets, that when not in use give an additional list to the d\u00e9cor and help us sleep peacefully.<\/span><\/li>\n<li><span class=\"a-list-item\">Our tightly woven fitted sheets can survive countless cycles in the washing machine. They stay the same colour for longer without shrinkage.<\/span><\/li>\n<li><span class=\"a-list-item\">Beautiful Rectangular small double fitted sheet and all sizes are designed with elastic at Four corners give the easy and flexible grip soft and smooth material do not make the bed hard gives you a rejuvenating sleep that can recharge your body, mind and soul. Every time you climb into them is a true luxury.<\/span><\/li>\n<\/ul>","protected":false},"excerpt":{"rendered":"<p>Description [Qualit\u00e9 sup\u00e9rieure - Doux, flexible et facile \u00e0 ranger] Le mat\u00e9riau extensible en coton tricot\u00e9 100% est un excellent choix<\/p>","protected":false},"featured_media":147537,"comment_status":"open","ping_status":"closed","template":"","meta":[],"product_brand":[],"product_cat":[30816,30971],"product_tag":[],"class_list":{"0":"post-88093","1":"product","2":"type-product","3":"status-publish","4":"has-post-thumbnail","6":"product_cat-blankets","7":"product_cat-hp","9":"first","10":"instock","11":"sale","12":"taxable","13":"shipping-taxable","14":"purchasable","15":"product-type-variable"},"_links":{"self":[{"href":"https:\/\/nexgendecors.com\/fr\/wp-json\/wp\/v2\/product\/88093","targetHints":{"allow":["GET"]}}],"collection":[{"href":"https:\/\/nexgendecors.com\/fr\/wp-json\/wp\/v2\/product"}],"about":[{"href":"https:\/\/nexgendecors.com\/fr\/wp-json\/wp\/v2\/types\/product"}],"replies":[{"embeddable":true,"href":"https:\/\/nexgendecors.com\/fr\/wp-json\/wp\/v2\/comments?post=88093"}],"version-history":[{"count":0,"href":"https:\/\/nexgendecors.com\/fr\/wp-json\/wp\/v2\/product\/88093\/revisions"}],"wp:featuredmedia":[{"embeddable":true,"href":"https:\/\/nexgendecors.com\/fr\/wp-json\/wp\/v2\/media\/147537"}],"wp:attachment":[{"href":"https:\/\/nexgendecors.com\/fr\/wp-json\/wp\/v2\/media?parent=88093"}],"wp:term":[{"taxonomy":"product_brand","embeddable":true,"href":"https:\/\/nexgendecors.com\/fr\/wp-json\/wp\/v2\/product_brand?post=88093"},{"taxonomy":"product_cat","embeddable":true,"href":"https:\/\/nexgendecors.com\/fr\/wp-json\/wp\/v2\/product_cat?post=88093"},{"taxonomy":"product_tag","embeddable":true,"href":"https:\/\/nexgendecors.com\/fr\/wp-json\/wp\/v2\/product_tag?post=88093"}],"curies":[{"name":"wp","href":"https:\/\/api.w.org\/{rel}","templated":true}]}}