{"id":88099,"date":"2025-01-26T03:59:05","date_gmt":"2025-01-26T03:59:05","guid":{"rendered":"https:\/\/nexgendecors.com\/product\/sofa-blanket-winter-nordic-coral-fleece-blanket\/"},"modified":"2025-04-06T09:48:31","modified_gmt":"2025-04-06T09:48:31","slug":"couverture-de-canape-couverture-polaire-corail-nordique-dhiver","status":"publish","type":"product","link":"https:\/\/nexgendecors.com\/fr\/product\/couverture-de-canape-couverture-polaire-corail-nordique-dhiver\/","title":{"rendered":"Couverture de canap\u00e9 en polaire corail \u00e0 grosses mailles nordiques"},"content":{"rendered":"<h3><strong>Description<\/strong><\/h3>\n<p><strong>Mat\u00e9riel:<\/strong> Tissu tricot\u00e9 acrylique super doux 100%, anti-allergique, peau sensible, tissu super doux.<br \/><strong>Bonne d\u00e9coration pour votre maison :<\/strong> Les couvertures tricot\u00e9es \u00e9paisses peuvent \u00eatre utilis\u00e9es pour la d\u00e9coration de la chambre, les grands tissus tiss\u00e9s de plus petite taille peuvent \u00eatre utilis\u00e9s comme coussins pour animaux de compagnie ou housses de chaise, et les grands peuvent \u00eatre utilis\u00e9s comme couvertures de lit ou couvertures de canap\u00e9.<br \/><strong>Cadeau id\u00e9al :<\/strong> Cette belle couverture est parfaite pour la Saint-Valentin, un anniversaire, un anniversaire de mariage, Thanksgiving, No\u00ebl, les cadeaux de mariage, les mariages ou les pendaisons de cr\u00e9maill\u00e8re.<br \/><strong>Lavage:<\/strong> Laisser tremper quelques minutes dans de l&#039;eau froide, puis laver \u00e0 la main ou en machine \u00e0 40 degr\u00e9s pour \u00e9viter le soleil. Ne pas blanchir\u00a0; ne pas repasser\u00a0; s\u00e9cher \u00e0 plat.<br \/><strong>Note:<\/strong> En raison de la lumi\u00e8re et de l&#039;\u00e9cran, la couleur du projet peut \u00eatre l\u00e9g\u00e8rement diff\u00e9rente de celle de la photo. Merci de votre compr\u00e9hension. Avant d&#039;ench\u00e9rir, veuillez vous assurer que cela ne vous d\u00e9range pas. Veuillez pr\u00e9voir une distance de 1 \u00e0 2 cm.<\/p>","protected":false},"excerpt":{"rendered":"<p>Description Mat\u00e9riau : tissu tricot\u00e9 acrylique 100% super doux, anti-allergique, peau sensible, tissu super doux. Bonne d\u00e9coration pour votre maison : Le<\/p>","protected":false},"featured_media":147543,"comment_status":"open","ping_status":"closed","template":"","meta":[],"product_brand":[],"product_cat":[30816,30828,30971],"product_tag":[12259,12260],"class_list":{"0":"post-88099","1":"product","2":"type-product","3":"status-publish","4":"has-post-thumbnail","6":"product_cat-blankets","7":"product_cat-furnishing","8":"product_cat-hp","9":"product_tag-_wf_cus","10":"product_tag-_wf_exc","12":"first","13":"instock","14":"sale","15":"taxable","16":"shipping-taxable","17":"purchasable","18":"product-type-variable"},"_links":{"self":[{"href":"https:\/\/nexgendecors.com\/fr\/wp-json\/wp\/v2\/product\/88099","targetHints":{"allow":["GET"]}}],"collection":[{"href":"https:\/\/nexgendecors.com\/fr\/wp-json\/wp\/v2\/product"}],"about":[{"href":"https:\/\/nexgendecors.com\/fr\/wp-json\/wp\/v2\/types\/product"}],"replies":[{"embeddable":true,"href":"https:\/\/nexgendecors.com\/fr\/wp-json\/wp\/v2\/comments?post=88099"}],"version-history":[{"count":0,"href":"https:\/\/nexgendecors.com\/fr\/wp-json\/wp\/v2\/product\/88099\/revisions"}],"wp:featuredmedia":[{"embeddable":true,"href":"https:\/\/nexgendecors.com\/fr\/wp-json\/wp\/v2\/media\/147543"}],"wp:attachment":[{"href":"https:\/\/nexgendecors.com\/fr\/wp-json\/wp\/v2\/media?parent=88099"}],"wp:term":[{"taxonomy":"product_brand","embeddable":true,"href":"https:\/\/nexgendecors.com\/fr\/wp-json\/wp\/v2\/product_brand?post=88099"},{"taxonomy":"product_cat","embeddable":true,"href":"https:\/\/nexgendecors.com\/fr\/wp-json\/wp\/v2\/product_cat?post=88099"},{"taxonomy":"product_tag","embeddable":true,"href":"https:\/\/nexgendecors.com\/fr\/wp-json\/wp\/v2\/product_tag?post=88099"}],"curies":[{"name":"wp","href":"https:\/\/api.w.org\/{rel}","templated":true}]}}