{"id":88114,"date":"2025-01-26T03:59:07","date_gmt":"2025-01-26T03:59:07","guid":{"rendered":"https:\/\/nexgendecors.com\/product\/yamibechi-office-chair-computer-chair-home-simple-staff-modern-mesh-chair-swivel-chair-employee-chair\/"},"modified":"2025-04-06T09:48:35","modified_gmt":"2025-04-06T09:48:35","slug":"yamibechi-office-chair-computer-chair-home-simple-staff-modern-mesh-chair-swivel-chair-employee-chair","status":"publish","type":"product","link":"https:\/\/nexgendecors.com\/fr\/product\/yamibechi-office-chair-computer-chair-home-simple-staff-modern-mesh-chair-swivel-chair-employee-chair\/","title":{"rendered":"Chaise de bureau pivotante moderne en maille Yamibechi"},"content":{"rendered":"<ul>\n<li>\n<strong>marque<\/strong>:Amy Becky<\/li>\n<li>\n<strong>mod\u00e8le<\/strong>:AMZYY010<\/li>\n<li>\n<strong>Mat\u00e9riau du si\u00e8ge<\/strong>:filet<\/li>\n<li>\n<strong>trier par couleur<\/strong>:White frame black net bow chairWhite frame green net bow chairBlack frame black net rolling wheelchairWhite frame black net rolling wheelchairBlack frame black net rolling wheelchair with pillowWhite frame black net rolling wheelchair with pillow<\/li>\n<li>\n<strong>Mat\u00e9riau en tissu<\/strong>:filet<\/li>\n<li>\n<strong>Peut-il \u00eatre \u00e9lev\u00e9 ou abaiss\u00e9 ?<\/strong>:Oui<\/li>\n<li>\n<strong>Puis-je m&#039;allonger ?<\/strong>:Non<\/li>\n<li>\n<strong>Y a-t-il des mains courantes ?<\/strong>:Oui<\/li>\n<li>\n<strong>Les accoudoirs sont-ils r\u00e9glables ?<\/strong>:Non r\u00e9glable<\/li>\n<li>\n<strong>Mat\u00e9riau de pied cinq \u00e9toiles<\/strong>:Pieds en acier<\/li>\n<li>\n<strong>Type de main courante<\/strong>:Accoudoir fixe<\/li>\n<li>\n<strong><\/strong>:<\/li>\n<\/ul>\n<p><img><\/p>","protected":false},"excerpt":{"rendered":"<p>brand:Amy Becky model:AMZYY010 Seat material:net sort by color:White frame black net bow chairWhite frame green net bow chairBlack frame black<\/p>","protected":false},"featured_media":147556,"comment_status":"open","ping_status":"closed","template":"","meta":[],"product_brand":[],"product_cat":[30971,30859],"product_tag":[],"class_list":{"0":"post-88114","1":"product","2":"type-product","3":"status-publish","4":"has-post-thumbnail","6":"product_cat-hp","7":"product_cat-wholesale-office","9":"first","10":"instock","11":"sale","12":"taxable","13":"shipping-taxable","14":"purchasable","15":"product-type-variable"},"_links":{"self":[{"href":"https:\/\/nexgendecors.com\/fr\/wp-json\/wp\/v2\/product\/88114","targetHints":{"allow":["GET"]}}],"collection":[{"href":"https:\/\/nexgendecors.com\/fr\/wp-json\/wp\/v2\/product"}],"about":[{"href":"https:\/\/nexgendecors.com\/fr\/wp-json\/wp\/v2\/types\/product"}],"replies":[{"embeddable":true,"href":"https:\/\/nexgendecors.com\/fr\/wp-json\/wp\/v2\/comments?post=88114"}],"version-history":[{"count":0,"href":"https:\/\/nexgendecors.com\/fr\/wp-json\/wp\/v2\/product\/88114\/revisions"}],"wp:featuredmedia":[{"embeddable":true,"href":"https:\/\/nexgendecors.com\/fr\/wp-json\/wp\/v2\/media\/147556"}],"wp:attachment":[{"href":"https:\/\/nexgendecors.com\/fr\/wp-json\/wp\/v2\/media?parent=88114"}],"wp:term":[{"taxonomy":"product_brand","embeddable":true,"href":"https:\/\/nexgendecors.com\/fr\/wp-json\/wp\/v2\/product_brand?post=88114"},{"taxonomy":"product_cat","embeddable":true,"href":"https:\/\/nexgendecors.com\/fr\/wp-json\/wp\/v2\/product_cat?post=88114"},{"taxonomy":"product_tag","embeddable":true,"href":"https:\/\/nexgendecors.com\/fr\/wp-json\/wp\/v2\/product_tag?post=88114"}],"curies":[{"name":"wp","href":"https:\/\/api.w.org\/{rel}","templated":true}]}}